{"id":356,"date":"2024-07-11T13:52:02","date_gmt":"2024-07-11T13:52:02","guid":{"rendered":"https:\/\/tomarmed.skydoo.com.pl\/?page_id=356"},"modified":"2024-07-12T07:41:16","modified_gmt":"2024-07-12T07:41:16","slug":"sollux","status":"publish","type":"page","link":"https:\/\/tomarmed.pl\/?page_id=356","title":{"rendered":"Sollux"},"content":{"rendered":"\t\t<div data-elementor-type=\"wp-page\" data-elementor-id=\"356\" class=\"elementor elementor-356\" data-elementor-post-type=\"page\">\n\t\t\t\t<div class=\"elementor-element elementor-element-b28c50c e-flex e-con-boxed e-con e-parent\" data-id=\"b28c50c\" data-element_type=\"container\" data-e-type=\"container\" data-settings=\"{&quot;background_background&quot;:&quot;classic&quot;}\">\n\t\t\t\t\t<div class=\"e-con-inner\">\n\t\t<div class=\"elementor-element elementor-element-60cb910 e-con-full e-flex e-con e-child\" data-id=\"60cb910\" data-element_type=\"container\" data-e-type=\"container\">\n\t\t\t\t<div class=\"elementor-element elementor-element-855ed4a elementor-absolute elementor-widget elementor-widget-breadcrumbs\" data-id=\"855ed4a\" data-element_type=\"widget\" data-e-type=\"widget\" data-settings=\"{&quot;_position&quot;:&quot;absolute&quot;}\" data-widget_type=\"breadcrumbs.default\">\n\t\t\t\t<div class=\"elementor-widget-container\">\n\t\t\t\t\t<p id=\"breadcrumbs\"><span><span><a href=\"https:\/\/tomarmed.pl\/\">Strona g\u0142\u00f3wna<\/a><\/span><\/span><\/p>\t\t\t\t<\/div>\n\t\t\t\t<\/div>\n\t\t\t\t<\/div>\n\t\t\t\t\t<\/div>\n\t\t\t\t<\/div>\n\t\t<div class=\"elementor-element elementor-element-5f86f00 e-flex e-con-boxed e-con e-parent\" data-id=\"5f86f00\" data-element_type=\"container\" data-e-type=\"container\">\n\t\t\t\t\t<div class=\"e-con-inner\">\n\t\t<div class=\"elementor-element elementor-element-3cb4c16 e-con-full e-flex e-con e-child\" data-id=\"3cb4c16\" data-element_type=\"container\" data-e-type=\"container\">\n\t\t\t\t<div class=\"elementor-element elementor-element-b51f601 elementor-widget elementor-widget-heading\" data-id=\"b51f601\" data-element_type=\"widget\" data-e-type=\"widget\" data-widget_type=\"heading.default\">\n\t\t\t\t<div class=\"elementor-widget-container\">\n\t\t\t\t\t<h2 class=\"elementor-heading-title elementor-size-default\">FILTR CZERWONY<\/h2>\t\t\t\t<\/div>\n\t\t\t\t<\/div>\n\t\t\t\t<div class=\"elementor-element elementor-element-14f3824 elementor-widget elementor-widget-text-editor\" data-id=\"14f3824\" data-element_type=\"widget\" data-e-type=\"widget\" data-widget_type=\"text-editor.default\">\n\t\t\t\t<div class=\"elementor-widget-container\">\n\t\t\t\t\t\t\t\t\t<p>D\u0142ugo\u015b\u0107 Fali 650 nm<br \/>\u015arednia dawka ciep\u0142a<br \/>Dzia\u0142anie pobudzaj\u0105ce<\/p>\t\t\t\t\t\t\t\t<\/div>\n\t\t\t\t<\/div>\n\t\t\t\t<div class=\"elementor-element elementor-element-43684a1 elementor-widget elementor-widget-heading\" data-id=\"43684a1\" data-element_type=\"widget\" data-e-type=\"widget\" data-widget_type=\"heading.default\">\n\t\t\t\t<div class=\"elementor-widget-container\">\n\t\t\t\t\t<h2 class=\"elementor-heading-title elementor-size-default\">WSKAZANIA<\/h2>\t\t\t\t<\/div>\n\t\t\t\t<\/div>\n\t\t\t\t<div class=\"elementor-element elementor-element-bab409e custom-list check-list elementor-widget elementor-widget-text-editor\" data-id=\"bab409e\" data-element_type=\"widget\" data-e-type=\"widget\" data-widget_type=\"text-editor.default\">\n\t\t\t\t<div class=\"elementor-widget-container\">\n\t\t\t\t\t\t\t\t\t<ul><li>Stany wysi\u0119kowe<\/li><li>Uszkodzenie sk\u00f3ry<\/li><li>Trudno goj\u0105ce si\u0119 rany<\/li><li>Tr\u0105dzik pospolity<\/li><li>Czyraki<\/li><li>Odle\u017cyny<\/li><li>Zapalenie zatok<\/li><li>Pora\u017cenie nerwu twarzowego<\/li><li>Blizny<\/li><li>Stany po operacjach<\/li><li>Zapalenie przydatk\u00f3w<\/li><li>Oparzenia fotochemiczne<\/li><\/ul>\t\t\t\t\t\t\t\t<\/div>\n\t\t\t\t<\/div>\n\t\t\t\t<\/div>\n\t\t<div class=\"elementor-element elementor-element-08a5849 e-con-full e-flex e-con e-child\" data-id=\"08a5849\" data-element_type=\"container\" data-e-type=\"container\">\n\t\t\t\t<div class=\"elementor-element elementor-element-b22e96e elementor-widget elementor-widget-heading\" data-id=\"b22e96e\" data-element_type=\"widget\" data-e-type=\"widget\" data-widget_type=\"heading.default\">\n\t\t\t\t<div class=\"elementor-widget-container\">\n\t\t\t\t\t<h2 class=\"elementor-heading-title elementor-size-default\">FILTR NIEBIESKI<\/h2>\t\t\t\t<\/div>\n\t\t\t\t<\/div>\n\t\t\t\t<div class=\"elementor-element elementor-element-3256c11 elementor-widget elementor-widget-text-editor\" data-id=\"3256c11\" data-element_type=\"widget\" data-e-type=\"widget\" data-widget_type=\"text-editor.default\">\n\t\t\t\t<div class=\"elementor-widget-container\">\n\t\t\t\t\t\t\t\t\t<p>D\u0142ugo\u015b\u0107 fali 450 nm<br \/>Ma\u0142a dawka ciep\u0142a<br \/>Dzia\u0142anie uspokajaj\u0105ce<\/p>\t\t\t\t\t\t\t\t<\/div>\n\t\t\t\t<\/div>\n\t\t\t\t<div class=\"elementor-element elementor-element-ab6eea5 elementor-widget elementor-widget-heading\" data-id=\"ab6eea5\" data-element_type=\"widget\" data-e-type=\"widget\" data-widget_type=\"heading.default\">\n\t\t\t\t<div class=\"elementor-widget-container\">\n\t\t\t\t\t<h2 class=\"elementor-heading-title elementor-size-default\">WSKAZANIA<\/h2>\t\t\t\t<\/div>\n\t\t\t\t<\/div>\n\t\t\t\t<div class=\"elementor-element elementor-element-279d357 custom-list check-list elementor-widget elementor-widget-text-editor\" data-id=\"279d357\" data-element_type=\"widget\" data-e-type=\"widget\" data-widget_type=\"text-editor.default\">\n\t\t\t\t<div class=\"elementor-widget-container\">\n\t\t\t\t\t\t\t\t\t<ul><li>\u0141agodzenie podra\u017cnie\u0144<\/li><li>Sk\u00f3ra sucha i wra\u017cliwa<\/li><li>Odmro\u017cenia<\/li><li>Rozszerzone naczynka krwiono\u015bne<\/li><li>Nerwob\u00f3l nerwu tr\u00f3jdzielnego<\/li><li>Nerwob\u00f3l nerw\u00f3w potylicznych<\/li><li>Rwa kulszowa<\/li><li>\u015awierzb<\/li><li>\u0141uszczyca<\/li><li>Choroba Raynauda<\/li><\/ul>\t\t\t\t\t\t\t\t<\/div>\n\t\t\t\t<\/div>\n\t\t\t\t<\/div>\n\t\t\t\t\t<\/div>\n\t\t\t\t<\/div>\n\t\t<div class=\"elementor-element elementor-element-7f28a48 e-flex e-con-boxed e-con e-parent\" data-id=\"7f28a48\" data-element_type=\"container\" data-e-type=\"container\">\n\t\t\t\t\t<div class=\"e-con-inner\">\n\t\t<div class=\"elementor-element elementor-element-b43dfd7 e-con-full e-flex e-con e-child\" data-id=\"b43dfd7\" data-element_type=\"container\" data-e-type=\"container\">\n\t\t\t\t<div class=\"elementor-element elementor-element-31b777f elementor-widget elementor-widget-heading\" data-id=\"31b777f\" data-element_type=\"widget\" data-e-type=\"widget\" data-widget_type=\"heading.default\">\n\t\t\t\t<div class=\"elementor-widget-container\">\n\t\t\t\t\t<h3 class=\"elementor-heading-title elementor-size-default\">PRZECIWSKAZANIA<\/h3>\t\t\t\t<\/div>\n\t\t\t\t<\/div>\n\t\t\t\t<div class=\"elementor-element elementor-element-9b66443 custom-list cross-list elementor-widget elementor-widget-text-editor\" data-id=\"9b66443\" data-element_type=\"widget\" data-e-type=\"widget\" data-widget_type=\"text-editor.default\">\n\t\t\t\t<div class=\"elementor-widget-container\">\n\t\t\t\t\t\t\t\t\t<ul><li>Stany gor\u0105czkowe<\/li><li>Czynna gru\u017alica p\u0142uc<\/li><li>Niewydolno\u015b\u0107 kr\u0105\u017cenia<\/li><li>Predyspozycje do wyst\u0119powania krwawie\u0144<\/li><li>Og\u00f3lne stany wyniszczenia organizmu<\/li><li>Ostre stany zapalne zar\u00f3wno sk\u00f3ry, jak i tkanek mi\u0119kkich<\/li><li>Zmiany troficzne<\/li><li>Mia\u017cd\u017cyca t\u0119tnic<\/li><li>Obrz\u0119ki<\/li><li>Zaburzenia czucia<\/li><li>Nowotwory<\/li><li>Nadci\u015bnienie t\u0119tnicze<\/li><li>Ci\u0105\u017ca<\/li><li>Stany po zawale serca<\/li><li>Choroby nerek<\/li><li>Jaskra<\/li><li>\u017bylaki<\/li><li>W sporcie przeciwskazane przed zawodami poniewa\u017c powstaj\u0105ce przekrwienie sk\u00f3ry wywo\u0142uje niedokrwienie mi\u0119\u015bni<\/li><\/ul><p>\u00a0<\/p><p>Lamp\u0119 ustawiamy prostopadle do miejsca zabiegowego w odleg\u0142o\u015bci 50-100 cm w zale\u017cno\u015bci od zastosowanego filtra.<\/p>\t\t\t\t\t\t\t\t<\/div>\n\t\t\t\t<\/div>\n\t\t\t\t<\/div>\n\t\t<div class=\"elementor-element elementor-element-9f61c86 e-con-full e-flex e-con e-child\" data-id=\"9f61c86\" data-element_type=\"container\" data-e-type=\"container\">\n\t\t\t\t<div class=\"elementor-element elementor-element-a6d6094 elementor-widget elementor-widget-image\" data-id=\"a6d6094\" data-element_type=\"widget\" data-e-type=\"widget\" data-widget_type=\"image.default\">\n\t\t\t\t<div class=\"elementor-widget-container\">\n\t\t\t\t\t\t\t\t\t\t\t\t\t\t\t<img fetchpriority=\"high\" decoding=\"async\" width=\"402\" height=\"705\" src=\"https:\/\/tomarmed.pl\/wp-content\/uploads\/2024\/07\/Images-25.png\" class=\"attachment-large size-large wp-image-359\" alt=\"\" srcset=\"https:\/\/tomarmed.pl\/wp-content\/uploads\/2024\/07\/Images-25.png 402w, https:\/\/tomarmed.pl\/wp-content\/uploads\/2024\/07\/Images-25-171x300.png 171w\" sizes=\"(max-width: 402px) 100vw, 402px\" \/>\t\t\t\t\t\t\t\t\t\t\t\t\t\t\t<\/div>\n\t\t\t\t<\/div>\n\t\t\t\t<\/div>\n\t\t\t\t\t<\/div>\n\t\t\t\t<\/div>\n\t\t\t\t<\/div>\n\t\t","protected":false},"excerpt":{"rendered":"<p>FILTR CZERWONY D\u0142ugo\u015b\u0107 Fali 650 nm\u015arednia dawka ciep\u0142aDzia\u0142anie pobudzaj\u0105ce WSKAZANIA Stany wysi\u0119kowe Uszkodzenie sk\u00f3ry Trudno goj\u0105ce si\u0119 rany Tr\u0105dzik pospolity Czyraki Odle\u017cyny Zapalenie zatok Pora\u017cenie nerwu twarzowego Blizny Stany po operacjach Zapalenie przydatk\u00f3w Oparzenia fotochemiczne FILTR NIEBIESKI D\u0142ugo\u015b\u0107 fali 450 nmMa\u0142a dawka ciep\u0142aDzia\u0142anie uspokajaj\u0105ce WSKAZANIA \u0141agodzenie podra\u017cnie\u0144 Sk\u00f3ra sucha i wra\u017cliwa Odmro\u017cenia Rozszerzone naczynka krwiono\u015bne [&hellip;]<\/p>\n","protected":false},"author":1,"featured_media":0,"parent":0,"menu_order":0,"comment_status":"closed","ping_status":"closed","template":"elementor_header_footer","meta":{"inline_featured_image":false,"footnotes":""},"class_list":["post-356","page","type-page","status-publish","hentry"],"yoast_head":"<!-- This site is optimized with the Yoast SEO plugin v27.3 - https:\/\/yoast.com\/product\/yoast-seo-wordpress\/ -->\n<title>Sollux - Tomar Med<\/title>\n<meta name=\"robots\" content=\"index, follow, max-snippet:-1, max-image-preview:large, max-video-preview:-1\" \/>\n<link rel=\"canonical\" href=\"https:\/\/tomarmed.pl\/?page_id=356\" \/>\n<meta property=\"og:locale\" content=\"pl_PL\" \/>\n<meta property=\"og:type\" content=\"article\" \/>\n<meta property=\"og:title\" content=\"Sollux - Tomar Med\" \/>\n<meta property=\"og:description\" content=\"FILTR CZERWONY D\u0142ugo\u015b\u0107 Fali 650 nm\u015arednia dawka ciep\u0142aDzia\u0142anie pobudzaj\u0105ce WSKAZANIA Stany wysi\u0119kowe Uszkodzenie sk\u00f3ry Trudno goj\u0105ce si\u0119 rany Tr\u0105dzik pospolity Czyraki Odle\u017cyny Zapalenie zatok Pora\u017cenie nerwu twarzowego Blizny Stany po operacjach Zapalenie przydatk\u00f3w Oparzenia fotochemiczne FILTR NIEBIESKI D\u0142ugo\u015b\u0107 fali 450 nmMa\u0142a dawka ciep\u0142aDzia\u0142anie uspokajaj\u0105ce WSKAZANIA \u0141agodzenie podra\u017cnie\u0144 Sk\u00f3ra sucha i wra\u017cliwa Odmro\u017cenia Rozszerzone naczynka krwiono\u015bne [&hellip;]\" \/>\n<meta property=\"og:url\" content=\"https:\/\/tomarmed.pl\/?page_id=356\" \/>\n<meta property=\"og:site_name\" content=\"Tomar Med\" \/>\n<meta property=\"article:modified_time\" content=\"2024-07-12T07:41:16+00:00\" \/>\n<meta property=\"og:image\" content=\"https:\/\/tomarmed.pl\/wp-content\/uploads\/2024\/07\/Images-25.png\" \/>\n<meta name=\"twitter:card\" content=\"summary_large_image\" \/>\n<meta name=\"twitter:label1\" content=\"Szacowany czas czytania\" \/>\n\t<meta name=\"twitter:data1\" content=\"2 minuty\" \/>\n<script type=\"application\/ld+json\" class=\"yoast-schema-graph\">{\"@context\":\"https:\\\/\\\/schema.org\",\"@graph\":[{\"@type\":\"WebPage\",\"@id\":\"https:\\\/\\\/tomarmed.pl\\\/?page_id=356\",\"url\":\"https:\\\/\\\/tomarmed.pl\\\/?page_id=356\",\"name\":\"Sollux - Tomar Med\",\"isPartOf\":{\"@id\":\"https:\\\/\\\/tomarmed.pl\\\/#website\"},\"primaryImageOfPage\":{\"@id\":\"https:\\\/\\\/tomarmed.pl\\\/?page_id=356#primaryimage\"},\"image\":{\"@id\":\"https:\\\/\\\/tomarmed.pl\\\/?page_id=356#primaryimage\"},\"thumbnailUrl\":\"https:\\\/\\\/tomarmed.pl\\\/wp-content\\\/uploads\\\/2024\\\/07\\\/Images-25.png\",\"datePublished\":\"2024-07-11T13:52:02+00:00\",\"dateModified\":\"2024-07-12T07:41:16+00:00\",\"breadcrumb\":{\"@id\":\"https:\\\/\\\/tomarmed.pl\\\/?page_id=356#breadcrumb\"},\"inLanguage\":\"pl-PL\",\"potentialAction\":[{\"@type\":\"ReadAction\",\"target\":[\"https:\\\/\\\/tomarmed.pl\\\/?page_id=356\"]}]},{\"@type\":\"ImageObject\",\"inLanguage\":\"pl-PL\",\"@id\":\"https:\\\/\\\/tomarmed.pl\\\/?page_id=356#primaryimage\",\"url\":\"https:\\\/\\\/tomarmed.pl\\\/wp-content\\\/uploads\\\/2024\\\/07\\\/Images-25.png\",\"contentUrl\":\"https:\\\/\\\/tomarmed.pl\\\/wp-content\\\/uploads\\\/2024\\\/07\\\/Images-25.png\",\"width\":402,\"height\":705},{\"@type\":\"BreadcrumbList\",\"@id\":\"https:\\\/\\\/tomarmed.pl\\\/?page_id=356#breadcrumb\",\"itemListElement\":[{\"@type\":\"ListItem\",\"position\":1,\"name\":\"Strona g\u0142\u00f3wna\",\"item\":\"https:\\\/\\\/tomarmed.pl\\\/\"},{\"@type\":\"ListItem\",\"position\":2,\"name\":\"Sollux\"}]},{\"@type\":\"WebSite\",\"@id\":\"https:\\\/\\\/tomarmed.pl\\\/#website\",\"url\":\"https:\\\/\\\/tomarmed.pl\\\/\",\"name\":\"Tomar Med\",\"description\":\"Gabinet rehabilitacji i masa\u017cu m Micha\u0142owie Reginowie\",\"publisher\":{\"@id\":\"https:\\\/\\\/tomarmed.pl\\\/#organization\"},\"potentialAction\":[{\"@type\":\"SearchAction\",\"target\":{\"@type\":\"EntryPoint\",\"urlTemplate\":\"https:\\\/\\\/tomarmed.pl\\\/?s={search_term_string}\"},\"query-input\":{\"@type\":\"PropertyValueSpecification\",\"valueRequired\":true,\"valueName\":\"search_term_string\"}}],\"inLanguage\":\"pl-PL\"},{\"@type\":\"Organization\",\"@id\":\"https:\\\/\\\/tomarmed.pl\\\/#organization\",\"name\":\"Tomar Med\",\"url\":\"https:\\\/\\\/tomarmed.pl\\\/\",\"logo\":{\"@type\":\"ImageObject\",\"inLanguage\":\"pl-PL\",\"@id\":\"https:\\\/\\\/tomarmed.pl\\\/#\\\/schema\\\/logo\\\/image\\\/\",\"url\":\"https:\\\/\\\/tomarmed.pl\\\/wp-content\\\/uploads\\\/2024\\\/07\\\/TOMARMED.svg\",\"contentUrl\":\"https:\\\/\\\/tomarmed.pl\\\/wp-content\\\/uploads\\\/2024\\\/07\\\/TOMARMED.svg\",\"width\":72,\"height\":60,\"caption\":\"Tomar Med\"},\"image\":{\"@id\":\"https:\\\/\\\/tomarmed.pl\\\/#\\\/schema\\\/logo\\\/image\\\/\"}}]}<\/script>\n<!-- \/ Yoast SEO plugin. -->","yoast_head_json":{"title":"Sollux - Tomar Med","robots":{"index":"index","follow":"follow","max-snippet":"max-snippet:-1","max-image-preview":"max-image-preview:large","max-video-preview":"max-video-preview:-1"},"canonical":"https:\/\/tomarmed.pl\/?page_id=356","og_locale":"pl_PL","og_type":"article","og_title":"Sollux - Tomar Med","og_description":"FILTR CZERWONY D\u0142ugo\u015b\u0107 Fali 650 nm\u015arednia dawka ciep\u0142aDzia\u0142anie pobudzaj\u0105ce WSKAZANIA Stany wysi\u0119kowe Uszkodzenie sk\u00f3ry Trudno goj\u0105ce si\u0119 rany Tr\u0105dzik pospolity Czyraki Odle\u017cyny Zapalenie zatok Pora\u017cenie nerwu twarzowego Blizny Stany po operacjach Zapalenie przydatk\u00f3w Oparzenia fotochemiczne FILTR NIEBIESKI D\u0142ugo\u015b\u0107 fali 450 nmMa\u0142a dawka ciep\u0142aDzia\u0142anie uspokajaj\u0105ce WSKAZANIA \u0141agodzenie podra\u017cnie\u0144 Sk\u00f3ra sucha i wra\u017cliwa Odmro\u017cenia Rozszerzone naczynka krwiono\u015bne [&hellip;]","og_url":"https:\/\/tomarmed.pl\/?page_id=356","og_site_name":"Tomar Med","article_modified_time":"2024-07-12T07:41:16+00:00","og_image":[{"url":"https:\/\/tomarmed.pl\/wp-content\/uploads\/2024\/07\/Images-25.png","type":"","width":"","height":""}],"twitter_card":"summary_large_image","twitter_misc":{"Szacowany czas czytania":"2 minuty"},"schema":{"@context":"https:\/\/schema.org","@graph":[{"@type":"WebPage","@id":"https:\/\/tomarmed.pl\/?page_id=356","url":"https:\/\/tomarmed.pl\/?page_id=356","name":"Sollux - Tomar Med","isPartOf":{"@id":"https:\/\/tomarmed.pl\/#website"},"primaryImageOfPage":{"@id":"https:\/\/tomarmed.pl\/?page_id=356#primaryimage"},"image":{"@id":"https:\/\/tomarmed.pl\/?page_id=356#primaryimage"},"thumbnailUrl":"https:\/\/tomarmed.pl\/wp-content\/uploads\/2024\/07\/Images-25.png","datePublished":"2024-07-11T13:52:02+00:00","dateModified":"2024-07-12T07:41:16+00:00","breadcrumb":{"@id":"https:\/\/tomarmed.pl\/?page_id=356#breadcrumb"},"inLanguage":"pl-PL","potentialAction":[{"@type":"ReadAction","target":["https:\/\/tomarmed.pl\/?page_id=356"]}]},{"@type":"ImageObject","inLanguage":"pl-PL","@id":"https:\/\/tomarmed.pl\/?page_id=356#primaryimage","url":"https:\/\/tomarmed.pl\/wp-content\/uploads\/2024\/07\/Images-25.png","contentUrl":"https:\/\/tomarmed.pl\/wp-content\/uploads\/2024\/07\/Images-25.png","width":402,"height":705},{"@type":"BreadcrumbList","@id":"https:\/\/tomarmed.pl\/?page_id=356#breadcrumb","itemListElement":[{"@type":"ListItem","position":1,"name":"Strona g\u0142\u00f3wna","item":"https:\/\/tomarmed.pl\/"},{"@type":"ListItem","position":2,"name":"Sollux"}]},{"@type":"WebSite","@id":"https:\/\/tomarmed.pl\/#website","url":"https:\/\/tomarmed.pl\/","name":"Tomar Med","description":"Gabinet rehabilitacji i masa\u017cu m Micha\u0142owie Reginowie","publisher":{"@id":"https:\/\/tomarmed.pl\/#organization"},"potentialAction":[{"@type":"SearchAction","target":{"@type":"EntryPoint","urlTemplate":"https:\/\/tomarmed.pl\/?s={search_term_string}"},"query-input":{"@type":"PropertyValueSpecification","valueRequired":true,"valueName":"search_term_string"}}],"inLanguage":"pl-PL"},{"@type":"Organization","@id":"https:\/\/tomarmed.pl\/#organization","name":"Tomar Med","url":"https:\/\/tomarmed.pl\/","logo":{"@type":"ImageObject","inLanguage":"pl-PL","@id":"https:\/\/tomarmed.pl\/#\/schema\/logo\/image\/","url":"https:\/\/tomarmed.pl\/wp-content\/uploads\/2024\/07\/TOMARMED.svg","contentUrl":"https:\/\/tomarmed.pl\/wp-content\/uploads\/2024\/07\/TOMARMED.svg","width":72,"height":60,"caption":"Tomar Med"},"image":{"@id":"https:\/\/tomarmed.pl\/#\/schema\/logo\/image\/"}}]}},"_links":{"self":[{"href":"https:\/\/tomarmed.pl\/index.php?rest_route=\/wp\/v2\/pages\/356","targetHints":{"allow":["GET"]}}],"collection":[{"href":"https:\/\/tomarmed.pl\/index.php?rest_route=\/wp\/v2\/pages"}],"about":[{"href":"https:\/\/tomarmed.pl\/index.php?rest_route=\/wp\/v2\/types\/page"}],"author":[{"embeddable":true,"href":"https:\/\/tomarmed.pl\/index.php?rest_route=\/wp\/v2\/users\/1"}],"replies":[{"embeddable":true,"href":"https:\/\/tomarmed.pl\/index.php?rest_route=%2Fwp%2Fv2%2Fcomments&post=356"}],"version-history":[{"count":10,"href":"https:\/\/tomarmed.pl\/index.php?rest_route=\/wp\/v2\/pages\/356\/revisions"}],"predecessor-version":[{"id":445,"href":"https:\/\/tomarmed.pl\/index.php?rest_route=\/wp\/v2\/pages\/356\/revisions\/445"}],"wp:attachment":[{"href":"https:\/\/tomarmed.pl\/index.php?rest_route=%2Fwp%2Fv2%2Fmedia&parent=356"}],"curies":[{"name":"wp","href":"https:\/\/api.w.org\/{rel}","templated":true}]}}