{"id":347,"date":"2024-07-11T13:36:56","date_gmt":"2024-07-11T13:36:56","guid":{"rendered":"https:\/\/tomarmed.skydoo.com.pl\/?page_id=347"},"modified":"2024-07-12T07:39:28","modified_gmt":"2024-07-12T07:39:28","slug":"magnoterapia","status":"publish","type":"page","link":"https:\/\/tomarmed.pl\/?page_id=347","title":{"rendered":"Magnoterapia"},"content":{"rendered":"\t\t<div data-elementor-type=\"wp-page\" data-elementor-id=\"347\" class=\"elementor elementor-347\" data-elementor-post-type=\"page\">\n\t\t\t\t<div class=\"elementor-element elementor-element-ac809fe e-flex e-con-boxed e-con e-parent\" data-id=\"ac809fe\" data-element_type=\"container\" data-e-type=\"container\" data-settings=\"{&quot;background_background&quot;:&quot;classic&quot;}\">\n\t\t\t\t\t<div class=\"e-con-inner\">\n\t\t<div class=\"elementor-element elementor-element-8d04066 e-con-full e-flex e-con e-child\" data-id=\"8d04066\" data-element_type=\"container\" data-e-type=\"container\">\n\t\t\t\t<div class=\"elementor-element elementor-element-0c91b25 elementor-absolute elementor-widget elementor-widget-breadcrumbs\" data-id=\"0c91b25\" data-element_type=\"widget\" data-e-type=\"widget\" data-settings=\"{&quot;_position&quot;:&quot;absolute&quot;}\" data-widget_type=\"breadcrumbs.default\">\n\t\t\t\t<div class=\"elementor-widget-container\">\n\t\t\t\t\t<p id=\"breadcrumbs\"><span><span><a href=\"https:\/\/tomarmed.pl\/\">Strona g\u0142\u00f3wna<\/a><\/span><\/span><\/p>\t\t\t\t<\/div>\n\t\t\t\t<\/div>\n\t\t\t\t<\/div>\n\t\t\t\t\t<\/div>\n\t\t\t\t<\/div>\n\t\t<div class=\"elementor-element elementor-element-3a84a20 e-flex e-con-boxed e-con e-parent\" data-id=\"3a84a20\" data-element_type=\"container\" data-e-type=\"container\">\n\t\t\t\t\t<div class=\"e-con-inner\">\n\t\t<div class=\"elementor-element elementor-element-6aff01a e-con-full e-flex e-con e-child\" data-id=\"6aff01a\" data-element_type=\"container\" data-e-type=\"container\">\n\t\t\t\t<div class=\"elementor-element elementor-element-a244ade elementor-widget elementor-widget-heading\" data-id=\"a244ade\" data-element_type=\"widget\" data-e-type=\"widget\" data-widget_type=\"heading.default\">\n\t\t\t\t<div class=\"elementor-widget-container\">\n\t\t\t\t\t<h3 class=\"elementor-heading-title elementor-size-default\">Co to jest magnetoterapia?<\/h3>\t\t\t\t<\/div>\n\t\t\t\t<\/div>\n\t\t\t\t<div class=\"elementor-element elementor-element-24dfddd custom-list check-list elementor-widget elementor-widget-text-editor\" data-id=\"24dfddd\" data-element_type=\"widget\" data-e-type=\"widget\" data-widget_type=\"text-editor.default\">\n\t\t\t\t<div class=\"elementor-widget-container\">\n\t\t\t\t\t\t\t\t\t<p>Magnetoterapia jest zaawansowan\u0105 technik\u0105 stosowan\u0105 w rehabilitacji, kt\u00f3ra wspomaga proces regeneracji tkanek. Pole magnetyczne generowane jest przez specjalne urz\u0105dzenia, kt\u00f3re wytwarza impulsowe pola magnetyczne o niskiej cz\u0119stotliwo\u015bci. Metoda terapeutyczna oferuje wiele korzy\u015bci, m.in. zdolno\u015b\u0107 do przenikania g\u0142\u0119boko w zmienione chorobowo tkanki, co sprzyja skutecznej terapii.<\/p><p>Magnetoterapia wzmacnia tkank\u0119 \u0142\u0105czn\u0105 i stymuluje produkcj\u0119 blizny kostnej. Dodatkowo, poprawia przyswajanie tlenu przez tkanki oraz dzia\u0142a przeciwobrz\u0119kowo, przeciwzapalnie i \u0142agodzi b\u00f3l.<\/p><p>Przebieg zabiegu magnetoterapii nie wymaga specjalnego przygotowania. Pacjent musi jedynie zdj\u0105\u0107 metalowe przedmioty oraz wy\u0142\u0105czy\u0107 telefon kom\u00f3rkowy. Zabieg mo\u017cna przeprowadza\u0107 przez ubranie lub opatrunek gipsowy, a obszar leczony umieszcza si\u0119 w specjalnej cewce. Terapia zazwyczaj sk\u0142ada si\u0119 z 10 sesji trwaj\u0105cych od 10 do 30 minut, a parametry pola magnetycznego dostosowane s\u0105 do indywidualnych potrzeb pacjenta.<\/p><p>W zale\u017cno\u015bci od stanu pacjenta, magnetoterapia mo\u017ce obejmowa\u0107 r\u00f3\u017cne zakresy cz\u0119stotliwo\u015bci i nat\u0119\u017cenia pola magnetycznego. W trakcie zabiegu pole magnetyczne przenika cia\u0142o, docieraj\u0105c do ka\u017cdej kom\u00f3rki, gdzie wp\u0142ywa na b\u0142ony kom\u00f3rkowe oraz procesy transportu jon\u00f3w, wspieraj\u0105c procesy naprawcze. Poprawia to przep\u0142yw tlenu i substancji od\u017cywczych do wn\u0119trza kom\u00f3rek. Oddzia\u0142ywanie pola magnetycznego na tkanki wywo\u0142uje szereg efekt\u00f3w biologicznych, w tym dzia\u0142anie na wolne rodniki tlenowe, procesy proliferacji i apoptozy kom\u00f3rkowej, kontrol\u0119 replikacji i transkrypcji kwas\u00f3w nukleinowych oraz syntez\u0119 bia\u0142ek, a tak\u017ce modyfikuje przekazywanie sygna\u0142\u00f3w mi\u0119dzy kom\u00f3rkami.<\/p>\t\t\t\t\t\t\t\t<\/div>\n\t\t\t\t<\/div>\n\t\t\t\t<\/div>\n\t\t<div class=\"elementor-element elementor-element-fbacff7 e-con-full e-flex e-con e-child\" data-id=\"fbacff7\" data-element_type=\"container\" data-e-type=\"container\">\n\t\t\t\t<div class=\"elementor-element elementor-element-bd5b384 elementor-widget elementor-widget-image\" data-id=\"bd5b384\" data-element_type=\"widget\" data-e-type=\"widget\" data-widget_type=\"image.default\">\n\t\t\t\t<div class=\"elementor-widget-container\">\n\t\t\t\t\t\t\t\t\t\t\t\t\t\t\t<img fetchpriority=\"high\" decoding=\"async\" width=\"402\" height=\"705\" src=\"https:\/\/tomarmed.pl\/wp-content\/uploads\/2024\/07\/Images-22.png\" class=\"attachment-large size-large wp-image-350\" alt=\"\" srcset=\"https:\/\/tomarmed.pl\/wp-content\/uploads\/2024\/07\/Images-22.png 402w, https:\/\/tomarmed.pl\/wp-content\/uploads\/2024\/07\/Images-22-171x300.png 171w\" sizes=\"(max-width: 402px) 100vw, 402px\" \/>\t\t\t\t\t\t\t\t\t\t\t\t\t\t\t<\/div>\n\t\t\t\t<\/div>\n\t\t\t\t<\/div>\n\t\t\t\t\t<\/div>\n\t\t\t\t<\/div>\n\t\t<div class=\"elementor-element elementor-element-d6d308f e-flex e-con-boxed e-con e-parent\" data-id=\"d6d308f\" data-element_type=\"container\" data-e-type=\"container\">\n\t\t\t\t\t<div class=\"e-con-inner\">\n\t\t<div class=\"elementor-element elementor-element-632daf2 e-con-full e-flex e-con e-child\" data-id=\"632daf2\" data-element_type=\"container\" data-e-type=\"container\">\n\t\t\t\t<div class=\"elementor-element elementor-element-1a99fd5 elementor-widget elementor-widget-image\" data-id=\"1a99fd5\" data-element_type=\"widget\" data-e-type=\"widget\" data-widget_type=\"image.default\">\n\t\t\t\t<div class=\"elementor-widget-container\">\n\t\t\t\t\t\t\t\t\t\t\t\t\t\t\t<img decoding=\"async\" width=\"402\" height=\"706\" src=\"https:\/\/tomarmed.pl\/wp-content\/uploads\/2024\/07\/Images-23.png\" class=\"attachment-large size-large wp-image-351\" alt=\"\" srcset=\"https:\/\/tomarmed.pl\/wp-content\/uploads\/2024\/07\/Images-23.png 402w, https:\/\/tomarmed.pl\/wp-content\/uploads\/2024\/07\/Images-23-171x300.png 171w\" sizes=\"(max-width: 402px) 100vw, 402px\" \/>\t\t\t\t\t\t\t\t\t\t\t\t\t\t\t<\/div>\n\t\t\t\t<\/div>\n\t\t\t\t<\/div>\n\t\t<div class=\"elementor-element elementor-element-caef4f6 e-con-full e-flex e-con e-child\" data-id=\"caef4f6\" data-element_type=\"container\" data-e-type=\"container\">\n\t\t\t\t<div class=\"elementor-element elementor-element-d86d5e1 elementor-widget elementor-widget-heading\" data-id=\"d86d5e1\" data-element_type=\"widget\" data-e-type=\"widget\" data-widget_type=\"heading.default\">\n\t\t\t\t<div class=\"elementor-widget-container\">\n\t\t\t\t\t<h3 class=\"elementor-heading-title elementor-size-default\">EFEKT<\/h3>\t\t\t\t<\/div>\n\t\t\t\t<\/div>\n\t\t\t\t<div class=\"elementor-element elementor-element-35a9564 custom-list check-list elementor-widget elementor-widget-text-editor\" data-id=\"35a9564\" data-element_type=\"widget\" data-e-type=\"widget\" data-widget_type=\"text-editor.default\">\n\t\t\t\t<div class=\"elementor-widget-container\">\n\t\t\t\t\t\t\t\t\t<ul><li>Przeciwb\u00f3lowy<\/li><li>Przeciwzapalny<\/li><li>Przeciwobrz\u0119kowy<\/li><li>Przyspiesza zrost kostny<\/li><\/ul>\t\t\t\t\t\t\t\t<\/div>\n\t\t\t\t<\/div>\n\t\t\t\t<div class=\"elementor-element elementor-element-c004f25 elementor-widget elementor-widget-heading\" data-id=\"c004f25\" data-element_type=\"widget\" data-e-type=\"widget\" data-widget_type=\"heading.default\">\n\t\t\t\t<div class=\"elementor-widget-container\">\n\t\t\t\t\t<h3 class=\"elementor-heading-title elementor-size-default\">WSKAZANIA<\/h3>\t\t\t\t<\/div>\n\t\t\t\t<\/div>\n\t\t\t\t<div class=\"elementor-element elementor-element-9c0bbed custom-list check-list elementor-widget elementor-widget-text-editor\" data-id=\"9c0bbed\" data-element_type=\"widget\" data-e-type=\"widget\" data-widget_type=\"text-editor.default\">\n\t\t\t\t<div class=\"elementor-widget-container\">\n\t\t\t\t\t\t\t\t\t<ul><li>Zespo\u0142y b\u00f3lowe o r\u00f3\u017cnej etiologii: zwyrodnieniowe \/ zapalne \/ pourazowe<\/li><li>Choroby uk\u0142adu nerwowego: Choroba Parkinsona \/ Stany po udarach m\u00f3zgowych \/ Choroba Alzheimera \/ Stwardnienie rozsiane \/ Migrena i naczynioruchowe b\u00f3le g\u0142owy \/ Nerwice wegetatywne \/ Zaburzenia czynno\u015bci nerw\u00f3w, czaszkowych i obwodowych \/ Przewlek\u0142y stres i zespo\u0142y nerwicowe<\/li><li>Choroby narz\u0105du ruchu: Op\u00f3\u017aniony zrost kostny \/ Stawy rzekome \/ Osteoporoza \/ Choroby zwyrodnieniowe \/ Stany zapalne staw\u00f3w<\/li><li>Choroby sk\u00f3ry i tkanek mi\u0119kkich: Infekcje bakteryjne sk\u00f3ry i tkanek mi\u0119kkich \/ Leczenie bliznowc\u00f3w \/ Owrzodzenia i zmiany troficzne podudzi \/ Trudno goj\u0105ce si\u0119 rany i owrzodzenia<\/li><li>Zaburzenia kr\u0105\u017cenia obwodowego<\/li><\/ul>\t\t\t\t\t\t\t\t<\/div>\n\t\t\t\t<\/div>\n\t\t\t\t<\/div>\n\t\t\t\t\t<\/div>\n\t\t\t\t<\/div>\n\t\t<div class=\"elementor-element elementor-element-470befb e-flex e-con-boxed e-con e-parent\" data-id=\"470befb\" data-element_type=\"container\" data-e-type=\"container\">\n\t\t\t\t\t<div class=\"e-con-inner\">\n\t\t<div class=\"elementor-element elementor-element-1d4b78c e-con-full e-flex e-con e-child\" data-id=\"1d4b78c\" data-element_type=\"container\" data-e-type=\"container\">\n\t\t\t\t<div class=\"elementor-element elementor-element-f363235 elementor-widget elementor-widget-heading\" data-id=\"f363235\" data-element_type=\"widget\" data-e-type=\"widget\" data-widget_type=\"heading.default\">\n\t\t\t\t<div class=\"elementor-widget-container\">\n\t\t\t\t\t<h3 class=\"elementor-heading-title elementor-size-default\">PRZECIWSKAZANIA<\/h3>\t\t\t\t<\/div>\n\t\t\t\t<\/div>\n\t\t\t\t<div class=\"elementor-element elementor-element-f8ef782 custom-list cross-list elementor-widget elementor-widget-text-editor\" data-id=\"f8ef782\" data-element_type=\"widget\" data-e-type=\"widget\" data-widget_type=\"text-editor.default\">\n\t\t\t\t<div class=\"elementor-widget-container\">\n\t\t\t\t\t\t\t\t\t<ul><li>Ci\u0105\u017ca<\/li><li>Gru\u017alica<\/li><li>Nowotwory !!!<\/li><li>Cukrzyca<\/li><li>Choroby serca i uk\u0142adu kr\u0105\u017cenia<\/li><li>Nadczynno\u015b\u0107 tarczycy<\/li><li>Choroby przewodu pokarmowego z zagro\u017ceniem krwawienia<\/li><li>Ostre choroby infekcyjne: bakteryjne, wirusowe i grzybicze<\/li><li>Elektroniczne implanty np. rozrusznik serca !!!<\/li><li>Choroby uk\u0142adu kr\u0105\u017cenia: Choroba niedokrwienna \/ Zaburzenia rytmu serca \/ Nadci\u015bnienie t\u0119tnicze<\/li><li>Choroby przewodu pokarmowego: Choroba wrzodowa \/ Przewlek\u0142e zapalenie trzustki<\/li><li>Choroby \u017ce\u0144skich narz\u0105d\u00f3w p\u0142ciowych<\/li><li>Choroby g\u00f3rnych dr\u00f3g oddechowych i s\u0142uchu: Choroby p\u0142uc<\/li><li>Choroby narz\u0105du wzroku: Choroby infekcyjne rog\u00f3wki \/ Zanik nerwu wzrokowego<\/li><\/ul>\t\t\t\t\t\t\t\t<\/div>\n\t\t\t\t<\/div>\n\t\t\t\t<\/div>\n\t\t<div class=\"elementor-element elementor-element-fac7dde e-con-full e-flex e-con e-child\" data-id=\"fac7dde\" data-element_type=\"container\" data-e-type=\"container\">\n\t\t\t\t<div class=\"elementor-element elementor-element-ef28b1d elementor-widget elementor-widget-image\" data-id=\"ef28b1d\" data-element_type=\"widget\" data-e-type=\"widget\" data-widget_type=\"image.default\">\n\t\t\t\t<div class=\"elementor-widget-container\">\n\t\t\t\t\t\t\t\t\t\t\t\t\t\t\t<img decoding=\"async\" width=\"402\" height=\"706\" src=\"https:\/\/tomarmed.pl\/wp-content\/uploads\/2024\/07\/Images-24.png\" class=\"attachment-large size-large wp-image-352\" alt=\"\" srcset=\"https:\/\/tomarmed.pl\/wp-content\/uploads\/2024\/07\/Images-24.png 402w, https:\/\/tomarmed.pl\/wp-content\/uploads\/2024\/07\/Images-24-171x300.png 171w\" sizes=\"(max-width: 402px) 100vw, 402px\" \/>\t\t\t\t\t\t\t\t\t\t\t\t\t\t\t<\/div>\n\t\t\t\t<\/div>\n\t\t\t\t<\/div>\n\t\t\t\t\t<\/div>\n\t\t\t\t<\/div>\n\t\t\t\t<\/div>\n\t\t","protected":false},"excerpt":{"rendered":"<p>Co to jest magnetoterapia? Magnetoterapia jest zaawansowan\u0105 technik\u0105 stosowan\u0105 w rehabilitacji, kt\u00f3ra wspomaga proces regeneracji tkanek. Pole magnetyczne generowane jest przez specjalne urz\u0105dzenia, kt\u00f3re wytwarza impulsowe pola magnetyczne o niskiej cz\u0119stotliwo\u015bci. Metoda terapeutyczna oferuje wiele korzy\u015bci, m.in. zdolno\u015b\u0107 do przenikania g\u0142\u0119boko w zmienione chorobowo tkanki, co sprzyja skutecznej terapii. Magnetoterapia wzmacnia tkank\u0119 \u0142\u0105czn\u0105 i stymuluje [&hellip;]<\/p>\n","protected":false},"author":1,"featured_media":0,"parent":0,"menu_order":0,"comment_status":"closed","ping_status":"closed","template":"elementor_header_footer","meta":{"inline_featured_image":false,"footnotes":""},"class_list":["post-347","page","type-page","status-publish","hentry"],"yoast_head":"<!-- This site is optimized with the Yoast SEO plugin v27.3 - https:\/\/yoast.com\/product\/yoast-seo-wordpress\/ -->\n<title>Magnoterapia - Tomar Med<\/title>\n<meta name=\"robots\" content=\"index, follow, max-snippet:-1, max-image-preview:large, max-video-preview:-1\" \/>\n<link rel=\"canonical\" href=\"https:\/\/tomarmed.pl\/?page_id=347\" \/>\n<meta property=\"og:locale\" content=\"pl_PL\" \/>\n<meta property=\"og:type\" content=\"article\" \/>\n<meta property=\"og:title\" content=\"Magnoterapia - Tomar Med\" \/>\n<meta property=\"og:description\" content=\"Co to jest magnetoterapia? Magnetoterapia jest zaawansowan\u0105 technik\u0105 stosowan\u0105 w rehabilitacji, kt\u00f3ra wspomaga proces regeneracji tkanek. Pole magnetyczne generowane jest przez specjalne urz\u0105dzenia, kt\u00f3re wytwarza impulsowe pola magnetyczne o niskiej cz\u0119stotliwo\u015bci. Metoda terapeutyczna oferuje wiele korzy\u015bci, m.in. zdolno\u015b\u0107 do przenikania g\u0142\u0119boko w zmienione chorobowo tkanki, co sprzyja skutecznej terapii. Magnetoterapia wzmacnia tkank\u0119 \u0142\u0105czn\u0105 i stymuluje [&hellip;]\" \/>\n<meta property=\"og:url\" content=\"https:\/\/tomarmed.pl\/?page_id=347\" \/>\n<meta property=\"og:site_name\" content=\"Tomar Med\" \/>\n<meta property=\"article:modified_time\" content=\"2024-07-12T07:39:28+00:00\" \/>\n<meta property=\"og:image\" content=\"https:\/\/tomarmed.pl\/wp-content\/uploads\/2024\/07\/Images-22.png\" \/>\n<meta name=\"twitter:card\" content=\"summary_large_image\" \/>\n<meta name=\"twitter:label1\" content=\"Szacowany czas czytania\" \/>\n\t<meta name=\"twitter:data1\" content=\"3 minuty\" \/>\n<script type=\"application\/ld+json\" class=\"yoast-schema-graph\">{\"@context\":\"https:\\\/\\\/schema.org\",\"@graph\":[{\"@type\":\"WebPage\",\"@id\":\"https:\\\/\\\/tomarmed.pl\\\/?page_id=347\",\"url\":\"https:\\\/\\\/tomarmed.pl\\\/?page_id=347\",\"name\":\"Magnoterapia - Tomar Med\",\"isPartOf\":{\"@id\":\"https:\\\/\\\/tomarmed.pl\\\/#website\"},\"primaryImageOfPage\":{\"@id\":\"https:\\\/\\\/tomarmed.pl\\\/?page_id=347#primaryimage\"},\"image\":{\"@id\":\"https:\\\/\\\/tomarmed.pl\\\/?page_id=347#primaryimage\"},\"thumbnailUrl\":\"https:\\\/\\\/tomarmed.pl\\\/wp-content\\\/uploads\\\/2024\\\/07\\\/Images-22.png\",\"datePublished\":\"2024-07-11T13:36:56+00:00\",\"dateModified\":\"2024-07-12T07:39:28+00:00\",\"breadcrumb\":{\"@id\":\"https:\\\/\\\/tomarmed.pl\\\/?page_id=347#breadcrumb\"},\"inLanguage\":\"pl-PL\",\"potentialAction\":[{\"@type\":\"ReadAction\",\"target\":[\"https:\\\/\\\/tomarmed.pl\\\/?page_id=347\"]}]},{\"@type\":\"ImageObject\",\"inLanguage\":\"pl-PL\",\"@id\":\"https:\\\/\\\/tomarmed.pl\\\/?page_id=347#primaryimage\",\"url\":\"https:\\\/\\\/tomarmed.pl\\\/wp-content\\\/uploads\\\/2024\\\/07\\\/Images-22.png\",\"contentUrl\":\"https:\\\/\\\/tomarmed.pl\\\/wp-content\\\/uploads\\\/2024\\\/07\\\/Images-22.png\",\"width\":402,\"height\":705},{\"@type\":\"BreadcrumbList\",\"@id\":\"https:\\\/\\\/tomarmed.pl\\\/?page_id=347#breadcrumb\",\"itemListElement\":[{\"@type\":\"ListItem\",\"position\":1,\"name\":\"Strona g\u0142\u00f3wna\",\"item\":\"https:\\\/\\\/tomarmed.pl\\\/\"},{\"@type\":\"ListItem\",\"position\":2,\"name\":\"Magnoterapia\"}]},{\"@type\":\"WebSite\",\"@id\":\"https:\\\/\\\/tomarmed.pl\\\/#website\",\"url\":\"https:\\\/\\\/tomarmed.pl\\\/\",\"name\":\"Tomar Med\",\"description\":\"Gabinet rehabilitacji i masa\u017cu m Micha\u0142owie Reginowie\",\"publisher\":{\"@id\":\"https:\\\/\\\/tomarmed.pl\\\/#organization\"},\"potentialAction\":[{\"@type\":\"SearchAction\",\"target\":{\"@type\":\"EntryPoint\",\"urlTemplate\":\"https:\\\/\\\/tomarmed.pl\\\/?s={search_term_string}\"},\"query-input\":{\"@type\":\"PropertyValueSpecification\",\"valueRequired\":true,\"valueName\":\"search_term_string\"}}],\"inLanguage\":\"pl-PL\"},{\"@type\":\"Organization\",\"@id\":\"https:\\\/\\\/tomarmed.pl\\\/#organization\",\"name\":\"Tomar Med\",\"url\":\"https:\\\/\\\/tomarmed.pl\\\/\",\"logo\":{\"@type\":\"ImageObject\",\"inLanguage\":\"pl-PL\",\"@id\":\"https:\\\/\\\/tomarmed.pl\\\/#\\\/schema\\\/logo\\\/image\\\/\",\"url\":\"https:\\\/\\\/tomarmed.pl\\\/wp-content\\\/uploads\\\/2024\\\/07\\\/TOMARMED.svg\",\"contentUrl\":\"https:\\\/\\\/tomarmed.pl\\\/wp-content\\\/uploads\\\/2024\\\/07\\\/TOMARMED.svg\",\"width\":72,\"height\":60,\"caption\":\"Tomar Med\"},\"image\":{\"@id\":\"https:\\\/\\\/tomarmed.pl\\\/#\\\/schema\\\/logo\\\/image\\\/\"}}]}<\/script>\n<!-- \/ Yoast SEO plugin. -->","yoast_head_json":{"title":"Magnoterapia - Tomar Med","robots":{"index":"index","follow":"follow","max-snippet":"max-snippet:-1","max-image-preview":"max-image-preview:large","max-video-preview":"max-video-preview:-1"},"canonical":"https:\/\/tomarmed.pl\/?page_id=347","og_locale":"pl_PL","og_type":"article","og_title":"Magnoterapia - Tomar Med","og_description":"Co to jest magnetoterapia? Magnetoterapia jest zaawansowan\u0105 technik\u0105 stosowan\u0105 w rehabilitacji, kt\u00f3ra wspomaga proces regeneracji tkanek. Pole magnetyczne generowane jest przez specjalne urz\u0105dzenia, kt\u00f3re wytwarza impulsowe pola magnetyczne o niskiej cz\u0119stotliwo\u015bci. Metoda terapeutyczna oferuje wiele korzy\u015bci, m.in. zdolno\u015b\u0107 do przenikania g\u0142\u0119boko w zmienione chorobowo tkanki, co sprzyja skutecznej terapii. Magnetoterapia wzmacnia tkank\u0119 \u0142\u0105czn\u0105 i stymuluje [&hellip;]","og_url":"https:\/\/tomarmed.pl\/?page_id=347","og_site_name":"Tomar Med","article_modified_time":"2024-07-12T07:39:28+00:00","og_image":[{"url":"https:\/\/tomarmed.pl\/wp-content\/uploads\/2024\/07\/Images-22.png","type":"","width":"","height":""}],"twitter_card":"summary_large_image","twitter_misc":{"Szacowany czas czytania":"3 minuty"},"schema":{"@context":"https:\/\/schema.org","@graph":[{"@type":"WebPage","@id":"https:\/\/tomarmed.pl\/?page_id=347","url":"https:\/\/tomarmed.pl\/?page_id=347","name":"Magnoterapia - Tomar Med","isPartOf":{"@id":"https:\/\/tomarmed.pl\/#website"},"primaryImageOfPage":{"@id":"https:\/\/tomarmed.pl\/?page_id=347#primaryimage"},"image":{"@id":"https:\/\/tomarmed.pl\/?page_id=347#primaryimage"},"thumbnailUrl":"https:\/\/tomarmed.pl\/wp-content\/uploads\/2024\/07\/Images-22.png","datePublished":"2024-07-11T13:36:56+00:00","dateModified":"2024-07-12T07:39:28+00:00","breadcrumb":{"@id":"https:\/\/tomarmed.pl\/?page_id=347#breadcrumb"},"inLanguage":"pl-PL","potentialAction":[{"@type":"ReadAction","target":["https:\/\/tomarmed.pl\/?page_id=347"]}]},{"@type":"ImageObject","inLanguage":"pl-PL","@id":"https:\/\/tomarmed.pl\/?page_id=347#primaryimage","url":"https:\/\/tomarmed.pl\/wp-content\/uploads\/2024\/07\/Images-22.png","contentUrl":"https:\/\/tomarmed.pl\/wp-content\/uploads\/2024\/07\/Images-22.png","width":402,"height":705},{"@type":"BreadcrumbList","@id":"https:\/\/tomarmed.pl\/?page_id=347#breadcrumb","itemListElement":[{"@type":"ListItem","position":1,"name":"Strona g\u0142\u00f3wna","item":"https:\/\/tomarmed.pl\/"},{"@type":"ListItem","position":2,"name":"Magnoterapia"}]},{"@type":"WebSite","@id":"https:\/\/tomarmed.pl\/#website","url":"https:\/\/tomarmed.pl\/","name":"Tomar Med","description":"Gabinet rehabilitacji i masa\u017cu m Micha\u0142owie Reginowie","publisher":{"@id":"https:\/\/tomarmed.pl\/#organization"},"potentialAction":[{"@type":"SearchAction","target":{"@type":"EntryPoint","urlTemplate":"https:\/\/tomarmed.pl\/?s={search_term_string}"},"query-input":{"@type":"PropertyValueSpecification","valueRequired":true,"valueName":"search_term_string"}}],"inLanguage":"pl-PL"},{"@type":"Organization","@id":"https:\/\/tomarmed.pl\/#organization","name":"Tomar Med","url":"https:\/\/tomarmed.pl\/","logo":{"@type":"ImageObject","inLanguage":"pl-PL","@id":"https:\/\/tomarmed.pl\/#\/schema\/logo\/image\/","url":"https:\/\/tomarmed.pl\/wp-content\/uploads\/2024\/07\/TOMARMED.svg","contentUrl":"https:\/\/tomarmed.pl\/wp-content\/uploads\/2024\/07\/TOMARMED.svg","width":72,"height":60,"caption":"Tomar Med"},"image":{"@id":"https:\/\/tomarmed.pl\/#\/schema\/logo\/image\/"}}]}},"_links":{"self":[{"href":"https:\/\/tomarmed.pl\/index.php?rest_route=\/wp\/v2\/pages\/347","targetHints":{"allow":["GET"]}}],"collection":[{"href":"https:\/\/tomarmed.pl\/index.php?rest_route=\/wp\/v2\/pages"}],"about":[{"href":"https:\/\/tomarmed.pl\/index.php?rest_route=\/wp\/v2\/types\/page"}],"author":[{"embeddable":true,"href":"https:\/\/tomarmed.pl\/index.php?rest_route=\/wp\/v2\/users\/1"}],"replies":[{"embeddable":true,"href":"https:\/\/tomarmed.pl\/index.php?rest_route=%2Fwp%2Fv2%2Fcomments&post=347"}],"version-history":[{"count":7,"href":"https:\/\/tomarmed.pl\/index.php?rest_route=\/wp\/v2\/pages\/347\/revisions"}],"predecessor-version":[{"id":442,"href":"https:\/\/tomarmed.pl\/index.php?rest_route=\/wp\/v2\/pages\/347\/revisions\/442"}],"wp:attachment":[{"href":"https:\/\/tomarmed.pl\/index.php?rest_route=%2Fwp%2Fv2%2Fmedia&parent=347"}],"curies":[{"name":"wp","href":"https:\/\/api.w.org\/{rel}","templated":true}]}}