{"id":307,"date":"2024-07-11T11:39:23","date_gmt":"2024-07-11T11:39:23","guid":{"rendered":"https:\/\/tomarmed.skydoo.com.pl\/?page_id=307"},"modified":"2024-07-12T07:44:28","modified_gmt":"2024-07-12T07:44:28","slug":"terapia-indywidualna","status":"publish","type":"page","link":"https:\/\/tomarmed.pl\/?page_id=307","title":{"rendered":"Terapia indywidualna"},"content":{"rendered":"\t\t<div data-elementor-type=\"wp-page\" data-elementor-id=\"307\" class=\"elementor elementor-307\" data-elementor-post-type=\"page\">\n\t\t\t\t<div class=\"elementor-element elementor-element-54a153b e-flex e-con-boxed e-con e-parent\" data-id=\"54a153b\" data-element_type=\"container\" data-e-type=\"container\" data-settings=\"{&quot;background_background&quot;:&quot;classic&quot;}\">\n\t\t\t\t\t<div class=\"e-con-inner\">\n\t\t<div class=\"elementor-element elementor-element-95fe005 e-con-full e-flex e-con e-child\" data-id=\"95fe005\" data-element_type=\"container\" data-e-type=\"container\">\n\t\t\t\t<div class=\"elementor-element elementor-element-a0c764c elementor-absolute elementor-widget elementor-widget-breadcrumbs\" data-id=\"a0c764c\" data-element_type=\"widget\" data-e-type=\"widget\" data-settings=\"{&quot;_position&quot;:&quot;absolute&quot;}\" data-widget_type=\"breadcrumbs.default\">\n\t\t\t\t<div class=\"elementor-widget-container\">\n\t\t\t\t\t<p id=\"breadcrumbs\"><span><span><a href=\"https:\/\/tomarmed.pl\/\">Strona g\u0142\u00f3wna<\/a><\/span><\/span><\/p>\t\t\t\t<\/div>\n\t\t\t\t<\/div>\n\t\t\t\t<\/div>\n\t\t\t\t\t<\/div>\n\t\t\t\t<\/div>\n\t\t<div class=\"elementor-element elementor-element-a79d163 e-flex e-con-boxed e-con e-parent\" data-id=\"a79d163\" data-element_type=\"container\" data-e-type=\"container\">\n\t\t\t\t\t<div class=\"e-con-inner\">\n\t\t<div class=\"elementor-element elementor-element-6528cf2 e-con-full e-flex e-con e-child\" data-id=\"6528cf2\" data-element_type=\"container\" data-e-type=\"container\">\n\t\t\t\t<div class=\"elementor-element elementor-element-8b0eae9 elementor-widget elementor-widget-image\" data-id=\"8b0eae9\" data-element_type=\"widget\" data-e-type=\"widget\" data-widget_type=\"image.default\">\n\t\t\t\t<div class=\"elementor-widget-container\">\n\t\t\t\t\t\t\t\t\t\t\t\t\t\t\t<img fetchpriority=\"high\" decoding=\"async\" width=\"402\" height=\"476\" src=\"https:\/\/tomarmed.pl\/wp-content\/uploads\/2024\/07\/Images-15.png\" class=\"attachment-large size-large wp-image-310\" alt=\"\" srcset=\"https:\/\/tomarmed.pl\/wp-content\/uploads\/2024\/07\/Images-15.png 402w, https:\/\/tomarmed.pl\/wp-content\/uploads\/2024\/07\/Images-15-253x300.png 253w\" sizes=\"(max-width: 402px) 100vw, 402px\" \/>\t\t\t\t\t\t\t\t\t\t\t\t\t\t\t<\/div>\n\t\t\t\t<\/div>\n\t\t\t\t<\/div>\n\t\t<div class=\"elementor-element elementor-element-b02b42b e-con-full e-flex e-con e-child\" data-id=\"b02b42b\" data-element_type=\"container\" data-e-type=\"container\">\n\t\t\t\t<div class=\"elementor-element elementor-element-9602bf5 elementor-widget elementor-widget-heading\" data-id=\"9602bf5\" data-element_type=\"widget\" data-e-type=\"widget\" data-widget_type=\"heading.default\">\n\t\t\t\t<div class=\"elementor-widget-container\">\n\t\t\t\t\t<h3 class=\"elementor-heading-title elementor-size-default\">Terapia indywidualna - wykozystywane s\u0105 ro\u017cne formy terpii takie jak \u0107wiczenie (kinezyterapia), terapia manualna elementy masa\u017cu czy fizykoterapia<\/h3>\t\t\t\t<\/div>\n\t\t\t\t<\/div>\n\t\t\t\t<div class=\"elementor-element elementor-element-271a160 custom-list check-list elementor-widget elementor-widget-text-editor\" data-id=\"271a160\" data-element_type=\"widget\" data-e-type=\"widget\" data-widget_type=\"text-editor.default\">\n\t\t\t\t<div class=\"elementor-widget-container\">\n\t\t\t\t\t\t\t\t\t<p>Celem terapii mo\u017ce by\u0107 redukcja b\u00f3lu,zwi\u0119kszenie zakresu ruchu w stawach czy wzmocnienie si\u0142y mi\u0119\u015bni.<\/p><p>Plan terapii jest dostosowywany indywidualnie do pacjenta uwzgl\u0119dniaj\u0105c jego potrzeby,rodzaj urazu lub opercji.<\/p><p>Tylko regularna rehabilitacja jest kluczem do sukcesu,pacjent odzyskuje sprawno\u015b\u0107 a co za tym idzie polepsza swoj\u0105 jako\u015bc zycia<\/p>\t\t\t\t\t\t\t\t<\/div>\n\t\t\t\t<\/div>\n\t\t\t\t<\/div>\n\t\t\t\t\t<\/div>\n\t\t\t\t<\/div>\n\t\t\t\t<\/div>\n\t\t","protected":false},"excerpt":{"rendered":"<p>Terapia indywidualna &#8211; wykozystywane s\u0105 ro\u017cne formy terpii takie jak \u0107wiczenie (kinezyterapia), terapia manualna elementy masa\u017cu czy fizykoterapia Celem terapii mo\u017ce by\u0107 redukcja b\u00f3lu,zwi\u0119kszenie zakresu ruchu w stawach czy wzmocnienie si\u0142y mi\u0119\u015bni. Plan terapii jest dostosowywany indywidualnie do pacjenta uwzgl\u0119dniaj\u0105c jego potrzeby,rodzaj urazu lub opercji. Tylko regularna rehabilitacja jest kluczem do sukcesu,pacjent odzyskuje sprawno\u015b\u0107 a [&hellip;]<\/p>\n","protected":false},"author":1,"featured_media":0,"parent":0,"menu_order":0,"comment_status":"closed","ping_status":"closed","template":"elementor_header_footer","meta":{"inline_featured_image":false,"footnotes":""},"class_list":["post-307","page","type-page","status-publish","hentry"],"yoast_head":"<!-- This site is optimized with the Yoast SEO plugin v27.3 - https:\/\/yoast.com\/product\/yoast-seo-wordpress\/ -->\n<title>Terapia indywidualna - Tomar Med<\/title>\n<meta name=\"robots\" content=\"index, follow, max-snippet:-1, max-image-preview:large, max-video-preview:-1\" \/>\n<link rel=\"canonical\" href=\"https:\/\/tomarmed.pl\/?page_id=307\" \/>\n<meta property=\"og:locale\" content=\"pl_PL\" \/>\n<meta property=\"og:type\" content=\"article\" \/>\n<meta property=\"og:title\" content=\"Terapia indywidualna - Tomar Med\" \/>\n<meta property=\"og:description\" content=\"Terapia indywidualna &#8211; wykozystywane s\u0105 ro\u017cne formy terpii takie jak \u0107wiczenie (kinezyterapia), terapia manualna elementy masa\u017cu czy fizykoterapia Celem terapii mo\u017ce by\u0107 redukcja b\u00f3lu,zwi\u0119kszenie zakresu ruchu w stawach czy wzmocnienie si\u0142y mi\u0119\u015bni. Plan terapii jest dostosowywany indywidualnie do pacjenta uwzgl\u0119dniaj\u0105c jego potrzeby,rodzaj urazu lub opercji. Tylko regularna rehabilitacja jest kluczem do sukcesu,pacjent odzyskuje sprawno\u015b\u0107 a [&hellip;]\" \/>\n<meta property=\"og:url\" content=\"https:\/\/tomarmed.pl\/?page_id=307\" \/>\n<meta property=\"og:site_name\" content=\"Tomar Med\" \/>\n<meta property=\"article:modified_time\" content=\"2024-07-12T07:44:28+00:00\" \/>\n<meta property=\"og:image\" content=\"https:\/\/tomarmed.pl\/wp-content\/uploads\/2024\/07\/Images-15.png\" \/>\n<meta name=\"twitter:card\" content=\"summary_large_image\" \/>\n<meta name=\"twitter:label1\" content=\"Szacowany czas czytania\" \/>\n\t<meta name=\"twitter:data1\" content=\"1 minuta\" \/>\n<script type=\"application\/ld+json\" class=\"yoast-schema-graph\">{\"@context\":\"https:\\\/\\\/schema.org\",\"@graph\":[{\"@type\":\"WebPage\",\"@id\":\"https:\\\/\\\/tomarmed.pl\\\/?page_id=307\",\"url\":\"https:\\\/\\\/tomarmed.pl\\\/?page_id=307\",\"name\":\"Terapia indywidualna - Tomar Med\",\"isPartOf\":{\"@id\":\"https:\\\/\\\/tomarmed.pl\\\/#website\"},\"primaryImageOfPage\":{\"@id\":\"https:\\\/\\\/tomarmed.pl\\\/?page_id=307#primaryimage\"},\"image\":{\"@id\":\"https:\\\/\\\/tomarmed.pl\\\/?page_id=307#primaryimage\"},\"thumbnailUrl\":\"https:\\\/\\\/tomarmed.pl\\\/wp-content\\\/uploads\\\/2024\\\/07\\\/Images-15.png\",\"datePublished\":\"2024-07-11T11:39:23+00:00\",\"dateModified\":\"2024-07-12T07:44:28+00:00\",\"breadcrumb\":{\"@id\":\"https:\\\/\\\/tomarmed.pl\\\/?page_id=307#breadcrumb\"},\"inLanguage\":\"pl-PL\",\"potentialAction\":[{\"@type\":\"ReadAction\",\"target\":[\"https:\\\/\\\/tomarmed.pl\\\/?page_id=307\"]}]},{\"@type\":\"ImageObject\",\"inLanguage\":\"pl-PL\",\"@id\":\"https:\\\/\\\/tomarmed.pl\\\/?page_id=307#primaryimage\",\"url\":\"https:\\\/\\\/tomarmed.pl\\\/wp-content\\\/uploads\\\/2024\\\/07\\\/Images-15.png\",\"contentUrl\":\"https:\\\/\\\/tomarmed.pl\\\/wp-content\\\/uploads\\\/2024\\\/07\\\/Images-15.png\",\"width\":402,\"height\":476},{\"@type\":\"BreadcrumbList\",\"@id\":\"https:\\\/\\\/tomarmed.pl\\\/?page_id=307#breadcrumb\",\"itemListElement\":[{\"@type\":\"ListItem\",\"position\":1,\"name\":\"Strona g\u0142\u00f3wna\",\"item\":\"https:\\\/\\\/tomarmed.pl\\\/\"},{\"@type\":\"ListItem\",\"position\":2,\"name\":\"Terapia indywidualna\"}]},{\"@type\":\"WebSite\",\"@id\":\"https:\\\/\\\/tomarmed.pl\\\/#website\",\"url\":\"https:\\\/\\\/tomarmed.pl\\\/\",\"name\":\"Tomar Med\",\"description\":\"Gabinet rehabilitacji i masa\u017cu m Micha\u0142owie Reginowie\",\"publisher\":{\"@id\":\"https:\\\/\\\/tomarmed.pl\\\/#organization\"},\"potentialAction\":[{\"@type\":\"SearchAction\",\"target\":{\"@type\":\"EntryPoint\",\"urlTemplate\":\"https:\\\/\\\/tomarmed.pl\\\/?s={search_term_string}\"},\"query-input\":{\"@type\":\"PropertyValueSpecification\",\"valueRequired\":true,\"valueName\":\"search_term_string\"}}],\"inLanguage\":\"pl-PL\"},{\"@type\":\"Organization\",\"@id\":\"https:\\\/\\\/tomarmed.pl\\\/#organization\",\"name\":\"Tomar Med\",\"url\":\"https:\\\/\\\/tomarmed.pl\\\/\",\"logo\":{\"@type\":\"ImageObject\",\"inLanguage\":\"pl-PL\",\"@id\":\"https:\\\/\\\/tomarmed.pl\\\/#\\\/schema\\\/logo\\\/image\\\/\",\"url\":\"https:\\\/\\\/tomarmed.pl\\\/wp-content\\\/uploads\\\/2024\\\/07\\\/TOMARMED.svg\",\"contentUrl\":\"https:\\\/\\\/tomarmed.pl\\\/wp-content\\\/uploads\\\/2024\\\/07\\\/TOMARMED.svg\",\"width\":72,\"height\":60,\"caption\":\"Tomar Med\"},\"image\":{\"@id\":\"https:\\\/\\\/tomarmed.pl\\\/#\\\/schema\\\/logo\\\/image\\\/\"}}]}<\/script>\n<!-- \/ Yoast SEO plugin. -->","yoast_head_json":{"title":"Terapia indywidualna - Tomar Med","robots":{"index":"index","follow":"follow","max-snippet":"max-snippet:-1","max-image-preview":"max-image-preview:large","max-video-preview":"max-video-preview:-1"},"canonical":"https:\/\/tomarmed.pl\/?page_id=307","og_locale":"pl_PL","og_type":"article","og_title":"Terapia indywidualna - Tomar Med","og_description":"Terapia indywidualna &#8211; wykozystywane s\u0105 ro\u017cne formy terpii takie jak \u0107wiczenie (kinezyterapia), terapia manualna elementy masa\u017cu czy fizykoterapia Celem terapii mo\u017ce by\u0107 redukcja b\u00f3lu,zwi\u0119kszenie zakresu ruchu w stawach czy wzmocnienie si\u0142y mi\u0119\u015bni. Plan terapii jest dostosowywany indywidualnie do pacjenta uwzgl\u0119dniaj\u0105c jego potrzeby,rodzaj urazu lub opercji. Tylko regularna rehabilitacja jest kluczem do sukcesu,pacjent odzyskuje sprawno\u015b\u0107 a [&hellip;]","og_url":"https:\/\/tomarmed.pl\/?page_id=307","og_site_name":"Tomar Med","article_modified_time":"2024-07-12T07:44:28+00:00","og_image":[{"url":"https:\/\/tomarmed.pl\/wp-content\/uploads\/2024\/07\/Images-15.png","type":"","width":"","height":""}],"twitter_card":"summary_large_image","twitter_misc":{"Szacowany czas czytania":"1 minuta"},"schema":{"@context":"https:\/\/schema.org","@graph":[{"@type":"WebPage","@id":"https:\/\/tomarmed.pl\/?page_id=307","url":"https:\/\/tomarmed.pl\/?page_id=307","name":"Terapia indywidualna - Tomar Med","isPartOf":{"@id":"https:\/\/tomarmed.pl\/#website"},"primaryImageOfPage":{"@id":"https:\/\/tomarmed.pl\/?page_id=307#primaryimage"},"image":{"@id":"https:\/\/tomarmed.pl\/?page_id=307#primaryimage"},"thumbnailUrl":"https:\/\/tomarmed.pl\/wp-content\/uploads\/2024\/07\/Images-15.png","datePublished":"2024-07-11T11:39:23+00:00","dateModified":"2024-07-12T07:44:28+00:00","breadcrumb":{"@id":"https:\/\/tomarmed.pl\/?page_id=307#breadcrumb"},"inLanguage":"pl-PL","potentialAction":[{"@type":"ReadAction","target":["https:\/\/tomarmed.pl\/?page_id=307"]}]},{"@type":"ImageObject","inLanguage":"pl-PL","@id":"https:\/\/tomarmed.pl\/?page_id=307#primaryimage","url":"https:\/\/tomarmed.pl\/wp-content\/uploads\/2024\/07\/Images-15.png","contentUrl":"https:\/\/tomarmed.pl\/wp-content\/uploads\/2024\/07\/Images-15.png","width":402,"height":476},{"@type":"BreadcrumbList","@id":"https:\/\/tomarmed.pl\/?page_id=307#breadcrumb","itemListElement":[{"@type":"ListItem","position":1,"name":"Strona g\u0142\u00f3wna","item":"https:\/\/tomarmed.pl\/"},{"@type":"ListItem","position":2,"name":"Terapia indywidualna"}]},{"@type":"WebSite","@id":"https:\/\/tomarmed.pl\/#website","url":"https:\/\/tomarmed.pl\/","name":"Tomar Med","description":"Gabinet rehabilitacji i masa\u017cu m Micha\u0142owie Reginowie","publisher":{"@id":"https:\/\/tomarmed.pl\/#organization"},"potentialAction":[{"@type":"SearchAction","target":{"@type":"EntryPoint","urlTemplate":"https:\/\/tomarmed.pl\/?s={search_term_string}"},"query-input":{"@type":"PropertyValueSpecification","valueRequired":true,"valueName":"search_term_string"}}],"inLanguage":"pl-PL"},{"@type":"Organization","@id":"https:\/\/tomarmed.pl\/#organization","name":"Tomar Med","url":"https:\/\/tomarmed.pl\/","logo":{"@type":"ImageObject","inLanguage":"pl-PL","@id":"https:\/\/tomarmed.pl\/#\/schema\/logo\/image\/","url":"https:\/\/tomarmed.pl\/wp-content\/uploads\/2024\/07\/TOMARMED.svg","contentUrl":"https:\/\/tomarmed.pl\/wp-content\/uploads\/2024\/07\/TOMARMED.svg","width":72,"height":60,"caption":"Tomar Med"},"image":{"@id":"https:\/\/tomarmed.pl\/#\/schema\/logo\/image\/"}}]}},"_links":{"self":[{"href":"https:\/\/tomarmed.pl\/index.php?rest_route=\/wp\/v2\/pages\/307","targetHints":{"allow":["GET"]}}],"collection":[{"href":"https:\/\/tomarmed.pl\/index.php?rest_route=\/wp\/v2\/pages"}],"about":[{"href":"https:\/\/tomarmed.pl\/index.php?rest_route=\/wp\/v2\/types\/page"}],"author":[{"embeddable":true,"href":"https:\/\/tomarmed.pl\/index.php?rest_route=\/wp\/v2\/users\/1"}],"replies":[{"embeddable":true,"href":"https:\/\/tomarmed.pl\/index.php?rest_route=%2Fwp%2Fv2%2Fcomments&post=307"}],"version-history":[{"count":7,"href":"https:\/\/tomarmed.pl\/index.php?rest_route=\/wp\/v2\/pages\/307\/revisions"}],"predecessor-version":[{"id":451,"href":"https:\/\/tomarmed.pl\/index.php?rest_route=\/wp\/v2\/pages\/307\/revisions\/451"}],"wp:attachment":[{"href":"https:\/\/tomarmed.pl\/index.php?rest_route=%2Fwp%2Fv2%2Fmedia&parent=307"}],"curies":[{"name":"wp","href":"https:\/\/api.w.org\/{rel}","templated":true}]}}