{"id":285,"date":"2024-07-11T10:51:32","date_gmt":"2024-07-11T10:51:32","guid":{"rendered":"https:\/\/tomarmed.skydoo.com.pl\/?page_id=285"},"modified":"2024-07-12T07:38:01","modified_gmt":"2024-07-12T07:38:01","slug":"laser","status":"publish","type":"page","link":"https:\/\/tomarmed.pl\/?page_id=285","title":{"rendered":"Laser"},"content":{"rendered":"\t\t<div data-elementor-type=\"wp-page\" data-elementor-id=\"285\" class=\"elementor elementor-285\" data-elementor-post-type=\"page\">\n\t\t\t\t<div class=\"elementor-element elementor-element-9effe7b e-flex e-con-boxed e-con e-parent\" data-id=\"9effe7b\" data-element_type=\"container\" data-e-type=\"container\" data-settings=\"{&quot;background_background&quot;:&quot;classic&quot;}\">\n\t\t\t\t\t<div class=\"e-con-inner\">\n\t\t<div class=\"elementor-element elementor-element-fff757d e-con-full e-flex e-con e-child\" data-id=\"fff757d\" data-element_type=\"container\" data-e-type=\"container\">\n\t\t\t\t<div class=\"elementor-element elementor-element-63e5ba0 elementor-absolute elementor-widget elementor-widget-breadcrumbs\" data-id=\"63e5ba0\" data-element_type=\"widget\" data-e-type=\"widget\" data-settings=\"{&quot;_position&quot;:&quot;absolute&quot;}\" data-widget_type=\"breadcrumbs.default\">\n\t\t\t\t<div class=\"elementor-widget-container\">\n\t\t\t\t\t<p id=\"breadcrumbs\"><span><span><a href=\"https:\/\/tomarmed.pl\/\">Strona g\u0142\u00f3wna<\/a><\/span><\/span><\/p>\t\t\t\t<\/div>\n\t\t\t\t<\/div>\n\t\t\t\t<\/div>\n\t\t\t\t\t<\/div>\n\t\t\t\t<\/div>\n\t\t<div class=\"elementor-element elementor-element-0aa365e e-flex e-con-boxed e-con e-parent\" data-id=\"0aa365e\" data-element_type=\"container\" data-e-type=\"container\">\n\t\t\t\t\t<div class=\"e-con-inner\">\n\t\t<div class=\"elementor-element elementor-element-e0b73fc e-con-full e-flex e-con e-child\" data-id=\"e0b73fc\" data-element_type=\"container\" data-e-type=\"container\">\n\t\t\t\t<div class=\"elementor-element elementor-element-44012c2 elementor-widget elementor-widget-image\" data-id=\"44012c2\" data-element_type=\"widget\" data-e-type=\"widget\" data-widget_type=\"image.default\">\n\t\t\t\t<div class=\"elementor-widget-container\">\n\t\t\t\t\t\t\t\t\t\t\t\t\t\t\t<img fetchpriority=\"high\" decoding=\"async\" width=\"402\" height=\"476\" src=\"https:\/\/tomarmed.pl\/wp-content\/uploads\/2024\/07\/Images-12.png\" class=\"attachment-large size-large wp-image-288\" alt=\"\" srcset=\"https:\/\/tomarmed.pl\/wp-content\/uploads\/2024\/07\/Images-12.png 402w, https:\/\/tomarmed.pl\/wp-content\/uploads\/2024\/07\/Images-12-253x300.png 253w\" sizes=\"(max-width: 402px) 100vw, 402px\" \/>\t\t\t\t\t\t\t\t\t\t\t\t\t\t\t<\/div>\n\t\t\t\t<\/div>\n\t\t\t\t<\/div>\n\t\t<div class=\"elementor-element elementor-element-7111d2e e-con-full e-flex e-con e-child\" data-id=\"7111d2e\" data-element_type=\"container\" data-e-type=\"container\">\n\t\t\t\t<div class=\"elementor-element elementor-element-ae74bfa elementor-widget elementor-widget-heading\" data-id=\"ae74bfa\" data-element_type=\"widget\" data-e-type=\"widget\" data-widget_type=\"heading.default\">\n\t\t\t\t<div class=\"elementor-widget-container\">\n\t\t\t\t\t<h3 class=\"elementor-heading-title elementor-size-default\">na co pomaga Laser?<\/h3>\t\t\t\t<\/div>\n\t\t\t\t<\/div>\n\t\t\t\t<div class=\"elementor-element elementor-element-e34ab27 custom-list check-list elementor-widget elementor-widget-text-editor\" data-id=\"e34ab27\" data-element_type=\"widget\" data-e-type=\"widget\" data-widget_type=\"text-editor.default\">\n\t\t\t\t<div class=\"elementor-widget-container\">\n\t\t\t\t\t\t\t\t\t<p>Jako g\u0142\u00f3wne efekty zastosowania laseroterapii to efekt:<\/p><ul><li>Przeciwb\u00f3lowy<\/li><li>Przeciwzapalny<\/li><li>Przeciwobrz\u0119kowy<\/li><li>Wzrost mikrokr\u0105\u017cenia<\/li><li>U\u0142atwia regeneracj\u0119 nerw\u00f3w<\/li><li>Przyspiesza zrost kostny<\/li><li>Odbudowa kolagenu<\/li><li>Przyspiesza gojenie ran i owrzodze\u0144<\/li><\/ul>\t\t\t\t\t\t\t\t<\/div>\n\t\t\t\t<\/div>\n\t\t\t\t<\/div>\n\t\t\t\t\t<\/div>\n\t\t\t\t<\/div>\n\t\t<div class=\"elementor-element elementor-element-8f3b0c8 e-flex e-con-boxed e-con e-parent\" data-id=\"8f3b0c8\" data-element_type=\"container\" data-e-type=\"container\" data-settings=\"{&quot;background_background&quot;:&quot;classic&quot;}\">\n\t\t\t\t\t<div class=\"e-con-inner\">\n\t\t<div class=\"elementor-element elementor-element-224f789 e-con-full e-flex e-con e-child\" data-id=\"224f789\" data-element_type=\"container\" data-e-type=\"container\">\n\t\t<div class=\"elementor-element elementor-element-53b53ce e-con-full e-flex e-con e-child\" data-id=\"53b53ce\" data-element_type=\"container\" data-e-type=\"container\">\n\t\t\t\t<div class=\"elementor-element elementor-element-5f6c1d0 elementor-widget elementor-widget-heading\" data-id=\"5f6c1d0\" data-element_type=\"widget\" data-e-type=\"widget\" data-widget_type=\"heading.default\">\n\t\t\t\t<div class=\"elementor-widget-container\">\n\t\t\t\t\t<h2 class=\"elementor-heading-title elementor-size-default\"><span style=\"color:#CDB19A\">D\u0142.fali<\/span> od 550-950 nm<\/h2>\t\t\t\t<\/div>\n\t\t\t\t<\/div>\n\t\t\t\t<div class=\"elementor-element elementor-element-0c8e622 elementor-widget elementor-widget-text-editor\" data-id=\"0c8e622\" data-element_type=\"widget\" data-e-type=\"widget\" data-widget_type=\"text-editor.default\">\n\t\t\t\t<div class=\"elementor-widget-container\">\n\t\t\t\t\t\t\t\t\t<p>Promieniowanie laserowe najg\u0142\u0119biej wnika wg\u0142\u0105b tkanek<\/p>\t\t\t\t\t\t\t\t<\/div>\n\t\t\t\t<\/div>\n\t\t\t\t<\/div>\n\t\t<div class=\"elementor-element elementor-element-1eecd0a e-con-full e-flex e-con e-child\" data-id=\"1eecd0a\" data-element_type=\"container\" data-e-type=\"container\">\n\t\t\t\t<div class=\"elementor-element elementor-element-f451f64 elementor-widget elementor-widget-heading\" data-id=\"f451f64\" data-element_type=\"widget\" data-e-type=\"widget\" data-widget_type=\"heading.default\">\n\t\t\t\t<div class=\"elementor-widget-container\">\n\t\t\t\t\t<h2 class=\"elementor-heading-title elementor-size-default\"><span style=\"color:#CDB19A\">D\u0142.fali<\/span> od 500-780 nm<\/h2>\t\t\t\t<\/div>\n\t\t\t\t<\/div>\n\t\t\t\t<div class=\"elementor-element elementor-element-9519ac0 elementor-widget elementor-widget-text-editor\" data-id=\"9519ac0\" data-element_type=\"widget\" data-e-type=\"widget\" data-widget_type=\"text-editor.default\">\n\t\t\t\t<div class=\"elementor-widget-container\">\n\t\t\t\t\t\t\t\t\t<p>(promieniowanie widzialne) penetruje p\u0142ycej i wykorzystuje si\u0119 je w na\u015bwietlaniach sk\u00f3ry<\/p>\t\t\t\t\t\t\t\t<\/div>\n\t\t\t\t<\/div>\n\t\t\t\t<\/div>\n\t\t<div class=\"elementor-element elementor-element-d357044 e-con-full e-flex e-con e-child\" data-id=\"d357044\" data-element_type=\"container\" data-e-type=\"container\">\n\t\t\t\t<div class=\"elementor-element elementor-element-de76cd1 elementor-widget elementor-widget-heading\" data-id=\"de76cd1\" data-element_type=\"widget\" data-e-type=\"widget\" data-widget_type=\"heading.default\">\n\t\t\t\t<div class=\"elementor-widget-container\">\n\t\t\t\t\t<h2 class=\"elementor-heading-title elementor-size-default\"><span style=\"color:#CDB19A\">D\u0142.fali<\/span> od 780-950 nm<\/h2>\t\t\t\t<\/div>\n\t\t\t\t<\/div>\n\t\t\t\t<div class=\"elementor-element elementor-element-02916ce elementor-widget elementor-widget-text-editor\" data-id=\"02916ce\" data-element_type=\"widget\" data-e-type=\"widget\" data-widget_type=\"text-editor.default\">\n\t\t\t\t<div class=\"elementor-widget-container\">\n\t\t\t\t\t\t\t\t\t<p>(promieniowanie podczerwone) stosuje si\u0119 w terapii tkanek po\u0142o\u017conych g\u0142\u0119biej<\/p>\t\t\t\t\t\t\t\t<\/div>\n\t\t\t\t<\/div>\n\t\t\t\t<\/div>\n\t\t\t\t<\/div>\n\t\t<div class=\"elementor-element elementor-element-1ea1d44 e-con-full e-flex e-con e-child\" data-id=\"1ea1d44\" data-element_type=\"container\" data-e-type=\"container\">\n\t\t\t\t<div class=\"elementor-element elementor-element-065a572 elementor-widget elementor-widget-heading\" data-id=\"065a572\" data-element_type=\"widget\" data-e-type=\"widget\" data-widget_type=\"heading.default\">\n\t\t\t\t<div class=\"elementor-widget-container\">\n\t\t\t\t\t<h3 class=\"elementor-heading-title elementor-size-default\">Promieniowanie laserowe napotykaj\u0105c sk\u00f3r\u0119 ulega odbiciu i rozproszeniu od 20-80%<\/h3>\t\t\t\t<\/div>\n\t\t\t\t<\/div>\n\t\t\t\t<\/div>\n\t\t<div class=\"elementor-element elementor-element-2073936 e-con-full e-flex e-con e-child\" data-id=\"2073936\" data-element_type=\"container\" data-e-type=\"container\">\n\t\t<div class=\"elementor-element elementor-element-a3edd71 e-con-full e-flex e-con e-child\" data-id=\"a3edd71\" data-element_type=\"container\" data-e-type=\"container\">\n\t\t\t\t<div class=\"elementor-element elementor-element-84808ea dots-list elementor-widget elementor-widget-text-editor\" data-id=\"84808ea\" data-element_type=\"widget\" data-e-type=\"widget\" data-widget_type=\"text-editor.default\">\n\t\t\t\t<div class=\"elementor-widget-container\">\n\t\t\t\t\t\t\t\t\t<p>Zale\u017cy to od:<\/p><ul><li>barwy sk\u00f3ry<\/li><li>struktury powierzchni sk\u00f3ry<\/li><\/ul>\t\t\t\t\t\t\t\t<\/div>\n\t\t\t\t<\/div>\n\t\t\t\t<\/div>\n\t\t<div class=\"elementor-element elementor-element-afece8e e-con-full e-flex e-con e-child\" data-id=\"afece8e\" data-element_type=\"container\" data-e-type=\"container\">\n\t\t\t\t<div class=\"elementor-element elementor-element-9c17792 dots-list elementor-widget elementor-widget-text-editor\" data-id=\"9c17792\" data-element_type=\"widget\" data-e-type=\"widget\" data-widget_type=\"text-editor.default\">\n\t\t\t\t<div class=\"elementor-widget-container\">\n\t\t\t\t\t\t\t\t\t<ul><li>odleg\u0142o\u015bci g\u0142owicy lasera od sk\u00f3ry<\/li><li>k\u0105ta padania promieniowania laserowego<\/li><li>geometrii wi\u0105zki promieniowania laserowego<\/li><\/ul>\t\t\t\t\t\t\t\t<\/div>\n\t\t\t\t<\/div>\n\t\t\t\t<\/div>\n\t\t\t\t<\/div>\n\t\t\t\t\t<\/div>\n\t\t\t\t<\/div>\n\t\t<div class=\"elementor-element elementor-element-cee7d18 e-flex e-con-boxed e-con e-parent\" data-id=\"cee7d18\" data-element_type=\"container\" data-e-type=\"container\">\n\t\t\t\t\t<div class=\"e-con-inner\">\n\t\t<div class=\"elementor-element elementor-element-eda6319 e-con-full e-flex e-con e-child\" data-id=\"eda6319\" data-element_type=\"container\" data-e-type=\"container\">\n\t\t\t\t<div class=\"elementor-element elementor-element-a30a5b0 elementor-widget elementor-widget-image\" data-id=\"a30a5b0\" data-element_type=\"widget\" data-e-type=\"widget\" data-widget_type=\"image.default\">\n\t\t\t\t<div class=\"elementor-widget-container\">\n\t\t\t\t\t\t\t\t\t\t\t\t\t\t\t<img decoding=\"async\" width=\"402\" height=\"705\" src=\"https:\/\/tomarmed.pl\/wp-content\/uploads\/2024\/07\/Images-13.png\" class=\"attachment-large size-large wp-image-299\" alt=\"\" srcset=\"https:\/\/tomarmed.pl\/wp-content\/uploads\/2024\/07\/Images-13.png 402w, https:\/\/tomarmed.pl\/wp-content\/uploads\/2024\/07\/Images-13-171x300.png 171w\" sizes=\"(max-width: 402px) 100vw, 402px\" \/>\t\t\t\t\t\t\t\t\t\t\t\t\t\t\t<\/div>\n\t\t\t\t<\/div>\n\t\t\t\t<\/div>\n\t\t<div class=\"elementor-element elementor-element-d4945b3 e-con-full e-flex e-con e-child\" data-id=\"d4945b3\" data-element_type=\"container\" data-e-type=\"container\">\n\t\t\t\t<div class=\"elementor-element elementor-element-d6957f4 elementor-widget elementor-widget-heading\" data-id=\"d6957f4\" data-element_type=\"widget\" data-e-type=\"widget\" data-widget_type=\"heading.default\">\n\t\t\t\t<div class=\"elementor-widget-container\">\n\t\t\t\t\t<h3 class=\"elementor-heading-title elementor-size-default\">WSKAZANIA<\/h3>\t\t\t\t<\/div>\n\t\t\t\t<\/div>\n\t\t\t\t<div class=\"elementor-element elementor-element-12e5c82 custom-list check-list elementor-widget elementor-widget-text-editor\" data-id=\"12e5c82\" data-element_type=\"widget\" data-e-type=\"widget\" data-widget_type=\"text-editor.default\">\n\t\t\t\t<div class=\"elementor-widget-container\">\n\t\t\t\t\t\t\t\t\t<ul><li>przewlek\u0142e stany zapalne<\/li><li>trudno goj\u0105ce si\u0119 razy i owrzodzenia \u2013 w tym r\u00f3wnie\u017c odle\u017cyny<\/li><li>utrudniony zrost kostny<\/li><li>choroba zwyrodnieniowa staw\u00f3w<\/li><li>zespo\u0142y b\u00f3lowe w przebiegu dyskopatii<\/li><li>zapalenia oko\u0142ostawowe<\/li><li>zespo\u0142y powsta\u0142e w wyniku przeci\u0105\u017cenia mi\u0119\u015bni i tkanek mi\u0119kkich oko\u0142ostawowych, w tym r\u00f3wnie\u017c zesp\u00f3\u0142 bolesnego \u0142okcia<\/li><li>zapalenie \u015bci\u0119gien, powi\u0119zi, pochewek \u015bci\u0119gnistych i kaletek stawowych<\/li><li>nerwob\u00f3le nerw\u00f3w obwodowych, w tym szczeg\u00f3lnie nerwob\u00f3l po przebytym p\u00f3\u0142pa\u015bcu<\/li><li>neuropatia cukrzycowa<\/li><li>tr\u0105dzik pospolity<\/li><li>choroby przyz\u0119bia<\/li><li>w stanach wymagaj\u0105cych pobudzenia gojenia ubytk\u00f3w tkankowych<\/li><li>w leczeniu zespo\u0142u Sudecka i innych stan\u00f3w pourazowych<\/li><li>w chorobach dermatologicznych ( blizny, wykwity, \u017cylakowate owrzodzenia podudzi<\/li><\/ul>\t\t\t\t\t\t\t\t<\/div>\n\t\t\t\t<\/div>\n\t\t\t\t<\/div>\n\t\t\t\t\t<\/div>\n\t\t\t\t<\/div>\n\t\t<div class=\"elementor-element elementor-element-0589a82 e-flex e-con-boxed e-con e-parent\" data-id=\"0589a82\" data-element_type=\"container\" data-e-type=\"container\">\n\t\t\t\t\t<div class=\"e-con-inner\">\n\t\t<div class=\"elementor-element elementor-element-1704eb3 e-con-full e-flex e-con e-child\" data-id=\"1704eb3\" data-element_type=\"container\" data-e-type=\"container\">\n\t\t\t\t<div class=\"elementor-element elementor-element-3ecb796 elementor-widget elementor-widget-heading\" data-id=\"3ecb796\" data-element_type=\"widget\" data-e-type=\"widget\" data-widget_type=\"heading.default\">\n\t\t\t\t<div class=\"elementor-widget-container\">\n\t\t\t\t\t<h3 class=\"elementor-heading-title elementor-size-default\">PRZECIWSKAZANIA<\/h3>\t\t\t\t<\/div>\n\t\t\t\t<\/div>\n\t\t\t\t<div class=\"elementor-element elementor-element-a489db1 custom-list cross-list elementor-widget elementor-widget-text-editor\" data-id=\"a489db1\" data-element_type=\"widget\" data-e-type=\"widget\" data-widget_type=\"text-editor.default\">\n\t\t\t\t<div class=\"elementor-widget-container\">\n\t\t\t\t\t\t\t\t\t<ul><li>ci\u0105\u017ca<\/li><li>miesi\u0105czka<\/li><li>sk\u0142onno\u015bci do krwawie\u0144<\/li><li>tkanki nowotworowe<\/li><li>gor\u0105czka<\/li><li>choroby bakteryjne<\/li><li>padaczka<\/li><li>uczulenie na \u015bwiat\u0142o<\/li><li>leki \u015bwiat\u0142ouczulaj\u0105ce<\/li><li>nadczynno\u015b\u0107 gruczo\u0142\u00f3w dokrewnych<\/li><li>nieustabilizowana cukrzyca<\/li><li>uszkodzenia sk\u00f3ry przez promieniowanie UV<\/li><li>wszystkie przeciwwskazania do stosowania promieniowania IR oraz widzialnego<\/li><\/ul>\t\t\t\t\t\t\t\t<\/div>\n\t\t\t\t<\/div>\n\t\t\t\t<\/div>\n\t\t<div class=\"elementor-element elementor-element-10aba53 e-con-full e-flex e-con e-child\" data-id=\"10aba53\" data-element_type=\"container\" data-e-type=\"container\">\n\t\t\t\t<div class=\"elementor-element elementor-element-9817af1 elementor-widget elementor-widget-image\" data-id=\"9817af1\" data-element_type=\"widget\" data-e-type=\"widget\" data-widget_type=\"image.default\">\n\t\t\t\t<div class=\"elementor-widget-container\">\n\t\t\t\t\t\t\t\t\t\t\t\t\t\t\t<img decoding=\"async\" width=\"402\" height=\"506\" src=\"https:\/\/tomarmed.pl\/wp-content\/uploads\/2024\/07\/Images-14.png\" class=\"attachment-large size-large wp-image-303\" alt=\"\" srcset=\"https:\/\/tomarmed.pl\/wp-content\/uploads\/2024\/07\/Images-14.png 402w, https:\/\/tomarmed.pl\/wp-content\/uploads\/2024\/07\/Images-14-238x300.png 238w\" sizes=\"(max-width: 402px) 100vw, 402px\" \/>\t\t\t\t\t\t\t\t\t\t\t\t\t\t\t<\/div>\n\t\t\t\t<\/div>\n\t\t\t\t<\/div>\n\t\t\t\t\t<\/div>\n\t\t\t\t<\/div>\n\t\t\t\t<\/div>\n\t\t","protected":false},"excerpt":{"rendered":"<p>na co pomaga Laser? Jako g\u0142\u00f3wne efekty zastosowania laseroterapii to efekt: Przeciwb\u00f3lowy Przeciwzapalny Przeciwobrz\u0119kowy Wzrost mikrokr\u0105\u017cenia U\u0142atwia regeneracj\u0119 nerw\u00f3w Przyspiesza zrost kostny Odbudowa kolagenu Przyspiesza gojenie ran i owrzodze\u0144 D\u0142.fali od 550-950 nm Promieniowanie laserowe najg\u0142\u0119biej wnika wg\u0142\u0105b tkanek D\u0142.fali od 500-780 nm (promieniowanie widzialne) penetruje p\u0142ycej i wykorzystuje si\u0119 je w na\u015bwietlaniach sk\u00f3ry D\u0142.fali [&hellip;]<\/p>\n","protected":false},"author":1,"featured_media":0,"parent":0,"menu_order":0,"comment_status":"closed","ping_status":"closed","template":"elementor_header_footer","meta":{"inline_featured_image":false,"footnotes":""},"class_list":["post-285","page","type-page","status-publish","hentry"],"yoast_head":"<!-- This site is optimized with the Yoast SEO plugin v27.3 - https:\/\/yoast.com\/product\/yoast-seo-wordpress\/ -->\n<title>Laser - Tomar Med<\/title>\n<meta name=\"robots\" content=\"index, follow, max-snippet:-1, max-image-preview:large, max-video-preview:-1\" \/>\n<link rel=\"canonical\" href=\"https:\/\/tomarmed.pl\/?page_id=285\" \/>\n<meta property=\"og:locale\" content=\"pl_PL\" \/>\n<meta property=\"og:type\" content=\"article\" \/>\n<meta property=\"og:title\" content=\"Laser - Tomar Med\" \/>\n<meta property=\"og:description\" content=\"na co pomaga Laser? Jako g\u0142\u00f3wne efekty zastosowania laseroterapii to efekt: Przeciwb\u00f3lowy Przeciwzapalny Przeciwobrz\u0119kowy Wzrost mikrokr\u0105\u017cenia U\u0142atwia regeneracj\u0119 nerw\u00f3w Przyspiesza zrost kostny Odbudowa kolagenu Przyspiesza gojenie ran i owrzodze\u0144 D\u0142.fali od 550-950 nm Promieniowanie laserowe najg\u0142\u0119biej wnika wg\u0142\u0105b tkanek D\u0142.fali od 500-780 nm (promieniowanie widzialne) penetruje p\u0142ycej i wykorzystuje si\u0119 je w na\u015bwietlaniach sk\u00f3ry D\u0142.fali [&hellip;]\" \/>\n<meta property=\"og:url\" content=\"https:\/\/tomarmed.pl\/?page_id=285\" \/>\n<meta property=\"og:site_name\" content=\"Tomar Med\" \/>\n<meta property=\"article:modified_time\" content=\"2024-07-12T07:38:01+00:00\" \/>\n<meta property=\"og:image\" content=\"https:\/\/tomarmed.pl\/wp-content\/uploads\/2024\/07\/Images-12.png\" \/>\n<meta name=\"twitter:card\" content=\"summary_large_image\" \/>\n<meta name=\"twitter:label1\" content=\"Szacowany czas czytania\" \/>\n\t<meta name=\"twitter:data1\" content=\"2 minuty\" \/>\n<script type=\"application\/ld+json\" class=\"yoast-schema-graph\">{\"@context\":\"https:\\\/\\\/schema.org\",\"@graph\":[{\"@type\":\"WebPage\",\"@id\":\"https:\\\/\\\/tomarmed.pl\\\/?page_id=285\",\"url\":\"https:\\\/\\\/tomarmed.pl\\\/?page_id=285\",\"name\":\"Laser - Tomar Med\",\"isPartOf\":{\"@id\":\"https:\\\/\\\/tomarmed.pl\\\/#website\"},\"primaryImageOfPage\":{\"@id\":\"https:\\\/\\\/tomarmed.pl\\\/?page_id=285#primaryimage\"},\"image\":{\"@id\":\"https:\\\/\\\/tomarmed.pl\\\/?page_id=285#primaryimage\"},\"thumbnailUrl\":\"https:\\\/\\\/tomarmed.pl\\\/wp-content\\\/uploads\\\/2024\\\/07\\\/Images-12.png\",\"datePublished\":\"2024-07-11T10:51:32+00:00\",\"dateModified\":\"2024-07-12T07:38:01+00:00\",\"breadcrumb\":{\"@id\":\"https:\\\/\\\/tomarmed.pl\\\/?page_id=285#breadcrumb\"},\"inLanguage\":\"pl-PL\",\"potentialAction\":[{\"@type\":\"ReadAction\",\"target\":[\"https:\\\/\\\/tomarmed.pl\\\/?page_id=285\"]}]},{\"@type\":\"ImageObject\",\"inLanguage\":\"pl-PL\",\"@id\":\"https:\\\/\\\/tomarmed.pl\\\/?page_id=285#primaryimage\",\"url\":\"https:\\\/\\\/tomarmed.pl\\\/wp-content\\\/uploads\\\/2024\\\/07\\\/Images-12.png\",\"contentUrl\":\"https:\\\/\\\/tomarmed.pl\\\/wp-content\\\/uploads\\\/2024\\\/07\\\/Images-12.png\",\"width\":402,\"height\":476},{\"@type\":\"BreadcrumbList\",\"@id\":\"https:\\\/\\\/tomarmed.pl\\\/?page_id=285#breadcrumb\",\"itemListElement\":[{\"@type\":\"ListItem\",\"position\":1,\"name\":\"Strona g\u0142\u00f3wna\",\"item\":\"https:\\\/\\\/tomarmed.pl\\\/\"},{\"@type\":\"ListItem\",\"position\":2,\"name\":\"Laser\"}]},{\"@type\":\"WebSite\",\"@id\":\"https:\\\/\\\/tomarmed.pl\\\/#website\",\"url\":\"https:\\\/\\\/tomarmed.pl\\\/\",\"name\":\"Tomar Med\",\"description\":\"Gabinet rehabilitacji i masa\u017cu m Micha\u0142owie Reginowie\",\"publisher\":{\"@id\":\"https:\\\/\\\/tomarmed.pl\\\/#organization\"},\"potentialAction\":[{\"@type\":\"SearchAction\",\"target\":{\"@type\":\"EntryPoint\",\"urlTemplate\":\"https:\\\/\\\/tomarmed.pl\\\/?s={search_term_string}\"},\"query-input\":{\"@type\":\"PropertyValueSpecification\",\"valueRequired\":true,\"valueName\":\"search_term_string\"}}],\"inLanguage\":\"pl-PL\"},{\"@type\":\"Organization\",\"@id\":\"https:\\\/\\\/tomarmed.pl\\\/#organization\",\"name\":\"Tomar Med\",\"url\":\"https:\\\/\\\/tomarmed.pl\\\/\",\"logo\":{\"@type\":\"ImageObject\",\"inLanguage\":\"pl-PL\",\"@id\":\"https:\\\/\\\/tomarmed.pl\\\/#\\\/schema\\\/logo\\\/image\\\/\",\"url\":\"https:\\\/\\\/tomarmed.pl\\\/wp-content\\\/uploads\\\/2024\\\/07\\\/TOMARMED.svg\",\"contentUrl\":\"https:\\\/\\\/tomarmed.pl\\\/wp-content\\\/uploads\\\/2024\\\/07\\\/TOMARMED.svg\",\"width\":72,\"height\":60,\"caption\":\"Tomar Med\"},\"image\":{\"@id\":\"https:\\\/\\\/tomarmed.pl\\\/#\\\/schema\\\/logo\\\/image\\\/\"}}]}<\/script>\n<!-- \/ Yoast SEO plugin. -->","yoast_head_json":{"title":"Laser - Tomar Med","robots":{"index":"index","follow":"follow","max-snippet":"max-snippet:-1","max-image-preview":"max-image-preview:large","max-video-preview":"max-video-preview:-1"},"canonical":"https:\/\/tomarmed.pl\/?page_id=285","og_locale":"pl_PL","og_type":"article","og_title":"Laser - Tomar Med","og_description":"na co pomaga Laser? Jako g\u0142\u00f3wne efekty zastosowania laseroterapii to efekt: Przeciwb\u00f3lowy Przeciwzapalny Przeciwobrz\u0119kowy Wzrost mikrokr\u0105\u017cenia U\u0142atwia regeneracj\u0119 nerw\u00f3w Przyspiesza zrost kostny Odbudowa kolagenu Przyspiesza gojenie ran i owrzodze\u0144 D\u0142.fali od 550-950 nm Promieniowanie laserowe najg\u0142\u0119biej wnika wg\u0142\u0105b tkanek D\u0142.fali od 500-780 nm (promieniowanie widzialne) penetruje p\u0142ycej i wykorzystuje si\u0119 je w na\u015bwietlaniach sk\u00f3ry D\u0142.fali [&hellip;]","og_url":"https:\/\/tomarmed.pl\/?page_id=285","og_site_name":"Tomar Med","article_modified_time":"2024-07-12T07:38:01+00:00","og_image":[{"url":"https:\/\/tomarmed.pl\/wp-content\/uploads\/2024\/07\/Images-12.png","type":"","width":"","height":""}],"twitter_card":"summary_large_image","twitter_misc":{"Szacowany czas czytania":"2 minuty"},"schema":{"@context":"https:\/\/schema.org","@graph":[{"@type":"WebPage","@id":"https:\/\/tomarmed.pl\/?page_id=285","url":"https:\/\/tomarmed.pl\/?page_id=285","name":"Laser - Tomar Med","isPartOf":{"@id":"https:\/\/tomarmed.pl\/#website"},"primaryImageOfPage":{"@id":"https:\/\/tomarmed.pl\/?page_id=285#primaryimage"},"image":{"@id":"https:\/\/tomarmed.pl\/?page_id=285#primaryimage"},"thumbnailUrl":"https:\/\/tomarmed.pl\/wp-content\/uploads\/2024\/07\/Images-12.png","datePublished":"2024-07-11T10:51:32+00:00","dateModified":"2024-07-12T07:38:01+00:00","breadcrumb":{"@id":"https:\/\/tomarmed.pl\/?page_id=285#breadcrumb"},"inLanguage":"pl-PL","potentialAction":[{"@type":"ReadAction","target":["https:\/\/tomarmed.pl\/?page_id=285"]}]},{"@type":"ImageObject","inLanguage":"pl-PL","@id":"https:\/\/tomarmed.pl\/?page_id=285#primaryimage","url":"https:\/\/tomarmed.pl\/wp-content\/uploads\/2024\/07\/Images-12.png","contentUrl":"https:\/\/tomarmed.pl\/wp-content\/uploads\/2024\/07\/Images-12.png","width":402,"height":476},{"@type":"BreadcrumbList","@id":"https:\/\/tomarmed.pl\/?page_id=285#breadcrumb","itemListElement":[{"@type":"ListItem","position":1,"name":"Strona g\u0142\u00f3wna","item":"https:\/\/tomarmed.pl\/"},{"@type":"ListItem","position":2,"name":"Laser"}]},{"@type":"WebSite","@id":"https:\/\/tomarmed.pl\/#website","url":"https:\/\/tomarmed.pl\/","name":"Tomar Med","description":"Gabinet rehabilitacji i masa\u017cu m Micha\u0142owie Reginowie","publisher":{"@id":"https:\/\/tomarmed.pl\/#organization"},"potentialAction":[{"@type":"SearchAction","target":{"@type":"EntryPoint","urlTemplate":"https:\/\/tomarmed.pl\/?s={search_term_string}"},"query-input":{"@type":"PropertyValueSpecification","valueRequired":true,"valueName":"search_term_string"}}],"inLanguage":"pl-PL"},{"@type":"Organization","@id":"https:\/\/tomarmed.pl\/#organization","name":"Tomar Med","url":"https:\/\/tomarmed.pl\/","logo":{"@type":"ImageObject","inLanguage":"pl-PL","@id":"https:\/\/tomarmed.pl\/#\/schema\/logo\/image\/","url":"https:\/\/tomarmed.pl\/wp-content\/uploads\/2024\/07\/TOMARMED.svg","contentUrl":"https:\/\/tomarmed.pl\/wp-content\/uploads\/2024\/07\/TOMARMED.svg","width":72,"height":60,"caption":"Tomar Med"},"image":{"@id":"https:\/\/tomarmed.pl\/#\/schema\/logo\/image\/"}}]}},"_links":{"self":[{"href":"https:\/\/tomarmed.pl\/index.php?rest_route=\/wp\/v2\/pages\/285","targetHints":{"allow":["GET"]}}],"collection":[{"href":"https:\/\/tomarmed.pl\/index.php?rest_route=\/wp\/v2\/pages"}],"about":[{"href":"https:\/\/tomarmed.pl\/index.php?rest_route=\/wp\/v2\/types\/page"}],"author":[{"embeddable":true,"href":"https:\/\/tomarmed.pl\/index.php?rest_route=\/wp\/v2\/users\/1"}],"replies":[{"embeddable":true,"href":"https:\/\/tomarmed.pl\/index.php?rest_route=%2Fwp%2Fv2%2Fcomments&post=285"}],"version-history":[{"count":19,"href":"https:\/\/tomarmed.pl\/index.php?rest_route=\/wp\/v2\/pages\/285\/revisions"}],"predecessor-version":[{"id":439,"href":"https:\/\/tomarmed.pl\/index.php?rest_route=\/wp\/v2\/pages\/285\/revisions\/439"}],"wp:attachment":[{"href":"https:\/\/tomarmed.pl\/index.php?rest_route=%2Fwp%2Fv2%2Fmedia&parent=285"}],"curies":[{"name":"wp","href":"https:\/\/api.w.org\/{rel}","templated":true}]}}