{"id":192,"date":"2024-07-10T13:37:00","date_gmt":"2024-07-10T13:37:00","guid":{"rendered":"https:\/\/tomarmed.skydoo.com.pl\/?page_id=192"},"modified":"2024-08-14T10:02:09","modified_gmt":"2024-08-14T10:02:09","slug":"entezopatia","status":"publish","type":"page","link":"https:\/\/tomarmed.pl\/?page_id=192","title":{"rendered":"Entezopatia"},"content":{"rendered":"\t\t<div data-elementor-type=\"wp-page\" data-elementor-id=\"192\" class=\"elementor elementor-192\" data-elementor-post-type=\"page\">\n\t\t\t\t<div class=\"elementor-element elementor-element-ea6dd45 e-flex e-con-boxed e-con e-parent\" data-id=\"ea6dd45\" data-element_type=\"container\" data-e-type=\"container\" data-settings=\"{&quot;background_background&quot;:&quot;classic&quot;}\">\n\t\t\t\t\t<div class=\"e-con-inner\">\n\t\t<div class=\"elementor-element elementor-element-9769116 e-con-full e-flex e-con e-child\" data-id=\"9769116\" data-element_type=\"container\" data-e-type=\"container\">\n\t\t\t\t<div class=\"elementor-element elementor-element-29e9c8a elementor-absolute elementor-widget elementor-widget-breadcrumbs\" data-id=\"29e9c8a\" data-element_type=\"widget\" data-e-type=\"widget\" data-settings=\"{&quot;_position&quot;:&quot;absolute&quot;}\" data-widget_type=\"breadcrumbs.default\">\n\t\t\t\t<div class=\"elementor-widget-container\">\n\t\t\t\t\t<p id=\"breadcrumbs\"><span><span><a href=\"https:\/\/tomarmed.pl\/\">Strona g\u0142\u00f3wna<\/a><\/span><\/span><\/p>\t\t\t\t<\/div>\n\t\t\t\t<\/div>\n\t\t\t\t<\/div>\n\t\t\t\t\t<\/div>\n\t\t\t\t<\/div>\n\t\t<div class=\"elementor-element elementor-element-15a85cc e-flex e-con-boxed e-con e-parent\" data-id=\"15a85cc\" data-element_type=\"container\" data-e-type=\"container\">\n\t\t\t\t\t<div class=\"e-con-inner\">\n\t\t<div class=\"elementor-element elementor-element-c2361cb e-con-full e-flex e-con e-child\" data-id=\"c2361cb\" data-element_type=\"container\" data-e-type=\"container\">\n\t\t\t\t<div class=\"elementor-element elementor-element-bcd3a0d elementor-widget elementor-widget-image\" data-id=\"bcd3a0d\" data-element_type=\"widget\" data-e-type=\"widget\" data-widget_type=\"image.default\">\n\t\t\t\t<div class=\"elementor-widget-container\">\n\t\t\t\t\t\t\t\t\t\t\t\t\t\t\t<img fetchpriority=\"high\" decoding=\"async\" width=\"403\" height=\"477\" src=\"https:\/\/tomarmed.pl\/wp-content\/uploads\/2024\/07\/Images-5.png\" class=\"attachment-full size-full wp-image-195\" alt=\"\" srcset=\"https:\/\/tomarmed.pl\/wp-content\/uploads\/2024\/07\/Images-5.png 403w, https:\/\/tomarmed.pl\/wp-content\/uploads\/2024\/07\/Images-5-253x300.png 253w\" sizes=\"(max-width: 403px) 100vw, 403px\" \/>\t\t\t\t\t\t\t\t\t\t\t\t\t\t\t<\/div>\n\t\t\t\t<\/div>\n\t\t\t\t<\/div>\n\t\t<div class=\"elementor-element elementor-element-c4737f7 e-con-full e-flex e-con e-child\" data-id=\"c4737f7\" data-element_type=\"container\" data-e-type=\"container\">\n\t\t\t\t<div class=\"elementor-element elementor-element-b8de0b8 elementor-widget elementor-widget-heading\" data-id=\"b8de0b8\" data-element_type=\"widget\" data-e-type=\"widget\" data-widget_type=\"heading.default\">\n\t\t\t\t<div class=\"elementor-widget-container\">\n\t\t\t\t\t<h3 class=\"elementor-heading-title elementor-size-default\">M.in \u0142okie\u0107 tenisisty, \u0142okie\u0107 golfisty, ostroga pi\u0119towa<\/h3>\t\t\t\t<\/div>\n\t\t\t\t<\/div>\n\t\t\t\t<div class=\"elementor-element elementor-element-2c3c3ca elementor-widget elementor-widget-text-editor\" data-id=\"2c3c3ca\" data-element_type=\"widget\" data-e-type=\"widget\" data-widget_type=\"text-editor.default\">\n\t\t\t\t<div class=\"elementor-widget-container\">\n\t\t\t\t\t\t\t\t\t<p>Entezopatia to rodzaj przewlek\u0142ego uszkodzenia \u015bci\u0119gien, powsta\u0142ego na skutek przeci\u0105\u017cenia. Doprowadza do rozrywania \u015bci\u0119gna mi\u0119\u015bnia przy jego przyczepie do ko\u015bci. Najcz\u0119\u015bciej spotykanymi rodzajami entezopatii jest tzw. \u0142okie\u0107 tenisisty, \u0142okie\u0107 golfisty, kolano skoczka czy ostroga pi\u0119towa(uszkodzenie rozci\u0119gna podeszwowego). Jednym z najskuteczniejszych zabieg\u00f3w w leczeniu entezopatii jest fala uderzeniowa. Stosowanie tej metody niesie za sob\u0105 g\u0142\u00f3wnie dzia\u0142anie przeciwb\u00f3lowe ,przyspiesza proces gojenia tkanek oraz pobudza produkcj\u0119 kolagenu.<br \/><br \/>Jej efektywno\u015b\u0107 szacowana jest na 80% to znaczy ,\u017ce w przypadku 8 na 10 pacjent\u00f3w fala uderzeniowa przynosi bardzo dobry efekt terapeutyczny. Niewielka liczba zabieg\u00f3w(2-6), a tak\u017ce kr\u00f3tki czas pojedynczej terapii (5-15min.) s\u0105 kolejnymi cechami potwierdzaj\u0105cymi korzy\u015bci wynikaj\u0105ce z ich zastosowania w procesie rehabilitacji. Leczenie fal\u0105 uderzeniow\u0105 jest alternatyw\u0105 dla terapii, kt\u00f3re zmierzaj\u0105 w kierunku ostrzykiwania bol\u0105cych miejsc lekami sterydowymi oraz wielotygodniowym odpoczynkiem. Wielokrotne badania na sportowcach jak i na osobach nie uprawiaj\u0105cych \u017cadnych aktywno\u015bci fizycznych pokazuj\u0105 zasadno\u015b\u0107 stosowania oraz wysok\u0105 skuteczno\u015b\u0107 w leczeniu r\u00f3\u017cnych rodzaj\u00f3w entezopatii.<\/p>\t\t\t\t\t\t\t\t<\/div>\n\t\t\t\t<\/div>\n\t\t\t\t<\/div>\n\t\t\t\t\t<\/div>\n\t\t\t\t<\/div>\n\t\t\t\t<\/div>\n\t\t","protected":false},"excerpt":{"rendered":"<p>M.in \u0142okie\u0107 tenisisty, \u0142okie\u0107 golfisty, ostroga pi\u0119towa Entezopatia to rodzaj przewlek\u0142ego uszkodzenia \u015bci\u0119gien, powsta\u0142ego na skutek przeci\u0105\u017cenia. Doprowadza do rozrywania \u015bci\u0119gna mi\u0119\u015bnia przy jego przyczepie do ko\u015bci. Najcz\u0119\u015bciej spotykanymi rodzajami entezopatii jest tzw. \u0142okie\u0107 tenisisty, \u0142okie\u0107 golfisty, kolano skoczka czy ostroga pi\u0119towa(uszkodzenie rozci\u0119gna podeszwowego). Jednym z najskuteczniejszych zabieg\u00f3w w leczeniu entezopatii jest fala uderzeniowa. Stosowanie [&hellip;]<\/p>\n","protected":false},"author":1,"featured_media":0,"parent":0,"menu_order":0,"comment_status":"closed","ping_status":"closed","template":"elementor_header_footer","meta":{"inline_featured_image":false,"footnotes":""},"class_list":["post-192","page","type-page","status-publish","hentry"],"yoast_head":"<!-- This site is optimized with the Yoast SEO plugin v27.3 - https:\/\/yoast.com\/product\/yoast-seo-wordpress\/ -->\n<title>Entezopatia - Tomar Med<\/title>\n<meta name=\"robots\" content=\"index, follow, max-snippet:-1, max-image-preview:large, max-video-preview:-1\" \/>\n<link rel=\"canonical\" href=\"https:\/\/tomarmed.pl\/?page_id=192\" \/>\n<meta property=\"og:locale\" content=\"pl_PL\" \/>\n<meta property=\"og:type\" content=\"article\" \/>\n<meta property=\"og:title\" content=\"Entezopatia - Tomar Med\" \/>\n<meta property=\"og:description\" content=\"M.in \u0142okie\u0107 tenisisty, \u0142okie\u0107 golfisty, ostroga pi\u0119towa Entezopatia to rodzaj przewlek\u0142ego uszkodzenia \u015bci\u0119gien, powsta\u0142ego na skutek przeci\u0105\u017cenia. Doprowadza do rozrywania \u015bci\u0119gna mi\u0119\u015bnia przy jego przyczepie do ko\u015bci. Najcz\u0119\u015bciej spotykanymi rodzajami entezopatii jest tzw. \u0142okie\u0107 tenisisty, \u0142okie\u0107 golfisty, kolano skoczka czy ostroga pi\u0119towa(uszkodzenie rozci\u0119gna podeszwowego). Jednym z najskuteczniejszych zabieg\u00f3w w leczeniu entezopatii jest fala uderzeniowa. Stosowanie [&hellip;]\" \/>\n<meta property=\"og:url\" content=\"https:\/\/tomarmed.pl\/?page_id=192\" \/>\n<meta property=\"og:site_name\" content=\"Tomar Med\" \/>\n<meta property=\"article:modified_time\" content=\"2024-08-14T10:02:09+00:00\" \/>\n<meta property=\"og:image\" content=\"https:\/\/tomarmed.pl\/wp-content\/uploads\/2024\/07\/Images-5.png\" \/>\n<meta name=\"twitter:card\" content=\"summary_large_image\" \/>\n<meta name=\"twitter:label1\" content=\"Szacowany czas czytania\" \/>\n\t<meta name=\"twitter:data1\" content=\"2 minuty\" \/>\n<script type=\"application\/ld+json\" class=\"yoast-schema-graph\">{\"@context\":\"https:\\\/\\\/schema.org\",\"@graph\":[{\"@type\":\"WebPage\",\"@id\":\"https:\\\/\\\/tomarmed.pl\\\/?page_id=192\",\"url\":\"https:\\\/\\\/tomarmed.pl\\\/?page_id=192\",\"name\":\"Entezopatia - Tomar Med\",\"isPartOf\":{\"@id\":\"https:\\\/\\\/tomarmed.pl\\\/#website\"},\"primaryImageOfPage\":{\"@id\":\"https:\\\/\\\/tomarmed.pl\\\/?page_id=192#primaryimage\"},\"image\":{\"@id\":\"https:\\\/\\\/tomarmed.pl\\\/?page_id=192#primaryimage\"},\"thumbnailUrl\":\"https:\\\/\\\/tomarmed.pl\\\/wp-content\\\/uploads\\\/2024\\\/07\\\/Images-5.png\",\"datePublished\":\"2024-07-10T13:37:00+00:00\",\"dateModified\":\"2024-08-14T10:02:09+00:00\",\"breadcrumb\":{\"@id\":\"https:\\\/\\\/tomarmed.pl\\\/?page_id=192#breadcrumb\"},\"inLanguage\":\"pl-PL\",\"potentialAction\":[{\"@type\":\"ReadAction\",\"target\":[\"https:\\\/\\\/tomarmed.pl\\\/?page_id=192\"]}]},{\"@type\":\"ImageObject\",\"inLanguage\":\"pl-PL\",\"@id\":\"https:\\\/\\\/tomarmed.pl\\\/?page_id=192#primaryimage\",\"url\":\"https:\\\/\\\/tomarmed.pl\\\/wp-content\\\/uploads\\\/2024\\\/07\\\/Images-5.png\",\"contentUrl\":\"https:\\\/\\\/tomarmed.pl\\\/wp-content\\\/uploads\\\/2024\\\/07\\\/Images-5.png\",\"width\":403,\"height\":477},{\"@type\":\"BreadcrumbList\",\"@id\":\"https:\\\/\\\/tomarmed.pl\\\/?page_id=192#breadcrumb\",\"itemListElement\":[{\"@type\":\"ListItem\",\"position\":1,\"name\":\"Strona g\u0142\u00f3wna\",\"item\":\"https:\\\/\\\/tomarmed.pl\\\/\"},{\"@type\":\"ListItem\",\"position\":2,\"name\":\"Entezopatia\"}]},{\"@type\":\"WebSite\",\"@id\":\"https:\\\/\\\/tomarmed.pl\\\/#website\",\"url\":\"https:\\\/\\\/tomarmed.pl\\\/\",\"name\":\"Tomar Med\",\"description\":\"Gabinet rehabilitacji i masa\u017cu m Micha\u0142owie Reginowie\",\"publisher\":{\"@id\":\"https:\\\/\\\/tomarmed.pl\\\/#organization\"},\"potentialAction\":[{\"@type\":\"SearchAction\",\"target\":{\"@type\":\"EntryPoint\",\"urlTemplate\":\"https:\\\/\\\/tomarmed.pl\\\/?s={search_term_string}\"},\"query-input\":{\"@type\":\"PropertyValueSpecification\",\"valueRequired\":true,\"valueName\":\"search_term_string\"}}],\"inLanguage\":\"pl-PL\"},{\"@type\":\"Organization\",\"@id\":\"https:\\\/\\\/tomarmed.pl\\\/#organization\",\"name\":\"Tomar Med\",\"url\":\"https:\\\/\\\/tomarmed.pl\\\/\",\"logo\":{\"@type\":\"ImageObject\",\"inLanguage\":\"pl-PL\",\"@id\":\"https:\\\/\\\/tomarmed.pl\\\/#\\\/schema\\\/logo\\\/image\\\/\",\"url\":\"https:\\\/\\\/tomarmed.pl\\\/wp-content\\\/uploads\\\/2024\\\/07\\\/TOMARMED.svg\",\"contentUrl\":\"https:\\\/\\\/tomarmed.pl\\\/wp-content\\\/uploads\\\/2024\\\/07\\\/TOMARMED.svg\",\"width\":72,\"height\":60,\"caption\":\"Tomar Med\"},\"image\":{\"@id\":\"https:\\\/\\\/tomarmed.pl\\\/#\\\/schema\\\/logo\\\/image\\\/\"}}]}<\/script>\n<!-- \/ Yoast SEO plugin. -->","yoast_head_json":{"title":"Entezopatia - Tomar Med","robots":{"index":"index","follow":"follow","max-snippet":"max-snippet:-1","max-image-preview":"max-image-preview:large","max-video-preview":"max-video-preview:-1"},"canonical":"https:\/\/tomarmed.pl\/?page_id=192","og_locale":"pl_PL","og_type":"article","og_title":"Entezopatia - Tomar Med","og_description":"M.in \u0142okie\u0107 tenisisty, \u0142okie\u0107 golfisty, ostroga pi\u0119towa Entezopatia to rodzaj przewlek\u0142ego uszkodzenia \u015bci\u0119gien, powsta\u0142ego na skutek przeci\u0105\u017cenia. Doprowadza do rozrywania \u015bci\u0119gna mi\u0119\u015bnia przy jego przyczepie do ko\u015bci. Najcz\u0119\u015bciej spotykanymi rodzajami entezopatii jest tzw. \u0142okie\u0107 tenisisty, \u0142okie\u0107 golfisty, kolano skoczka czy ostroga pi\u0119towa(uszkodzenie rozci\u0119gna podeszwowego). Jednym z najskuteczniejszych zabieg\u00f3w w leczeniu entezopatii jest fala uderzeniowa. Stosowanie [&hellip;]","og_url":"https:\/\/tomarmed.pl\/?page_id=192","og_site_name":"Tomar Med","article_modified_time":"2024-08-14T10:02:09+00:00","og_image":[{"url":"https:\/\/tomarmed.pl\/wp-content\/uploads\/2024\/07\/Images-5.png","type":"","width":"","height":""}],"twitter_card":"summary_large_image","twitter_misc":{"Szacowany czas czytania":"2 minuty"},"schema":{"@context":"https:\/\/schema.org","@graph":[{"@type":"WebPage","@id":"https:\/\/tomarmed.pl\/?page_id=192","url":"https:\/\/tomarmed.pl\/?page_id=192","name":"Entezopatia - Tomar Med","isPartOf":{"@id":"https:\/\/tomarmed.pl\/#website"},"primaryImageOfPage":{"@id":"https:\/\/tomarmed.pl\/?page_id=192#primaryimage"},"image":{"@id":"https:\/\/tomarmed.pl\/?page_id=192#primaryimage"},"thumbnailUrl":"https:\/\/tomarmed.pl\/wp-content\/uploads\/2024\/07\/Images-5.png","datePublished":"2024-07-10T13:37:00+00:00","dateModified":"2024-08-14T10:02:09+00:00","breadcrumb":{"@id":"https:\/\/tomarmed.pl\/?page_id=192#breadcrumb"},"inLanguage":"pl-PL","potentialAction":[{"@type":"ReadAction","target":["https:\/\/tomarmed.pl\/?page_id=192"]}]},{"@type":"ImageObject","inLanguage":"pl-PL","@id":"https:\/\/tomarmed.pl\/?page_id=192#primaryimage","url":"https:\/\/tomarmed.pl\/wp-content\/uploads\/2024\/07\/Images-5.png","contentUrl":"https:\/\/tomarmed.pl\/wp-content\/uploads\/2024\/07\/Images-5.png","width":403,"height":477},{"@type":"BreadcrumbList","@id":"https:\/\/tomarmed.pl\/?page_id=192#breadcrumb","itemListElement":[{"@type":"ListItem","position":1,"name":"Strona g\u0142\u00f3wna","item":"https:\/\/tomarmed.pl\/"},{"@type":"ListItem","position":2,"name":"Entezopatia"}]},{"@type":"WebSite","@id":"https:\/\/tomarmed.pl\/#website","url":"https:\/\/tomarmed.pl\/","name":"Tomar Med","description":"Gabinet rehabilitacji i masa\u017cu m Micha\u0142owie Reginowie","publisher":{"@id":"https:\/\/tomarmed.pl\/#organization"},"potentialAction":[{"@type":"SearchAction","target":{"@type":"EntryPoint","urlTemplate":"https:\/\/tomarmed.pl\/?s={search_term_string}"},"query-input":{"@type":"PropertyValueSpecification","valueRequired":true,"valueName":"search_term_string"}}],"inLanguage":"pl-PL"},{"@type":"Organization","@id":"https:\/\/tomarmed.pl\/#organization","name":"Tomar Med","url":"https:\/\/tomarmed.pl\/","logo":{"@type":"ImageObject","inLanguage":"pl-PL","@id":"https:\/\/tomarmed.pl\/#\/schema\/logo\/image\/","url":"https:\/\/tomarmed.pl\/wp-content\/uploads\/2024\/07\/TOMARMED.svg","contentUrl":"https:\/\/tomarmed.pl\/wp-content\/uploads\/2024\/07\/TOMARMED.svg","width":72,"height":60,"caption":"Tomar Med"},"image":{"@id":"https:\/\/tomarmed.pl\/#\/schema\/logo\/image\/"}}]}},"_links":{"self":[{"href":"https:\/\/tomarmed.pl\/index.php?rest_route=\/wp\/v2\/pages\/192","targetHints":{"allow":["GET"]}}],"collection":[{"href":"https:\/\/tomarmed.pl\/index.php?rest_route=\/wp\/v2\/pages"}],"about":[{"href":"https:\/\/tomarmed.pl\/index.php?rest_route=\/wp\/v2\/types\/page"}],"author":[{"embeddable":true,"href":"https:\/\/tomarmed.pl\/index.php?rest_route=\/wp\/v2\/users\/1"}],"replies":[{"embeddable":true,"href":"https:\/\/tomarmed.pl\/index.php?rest_route=%2Fwp%2Fv2%2Fcomments&post=192"}],"version-history":[{"count":10,"href":"https:\/\/tomarmed.pl\/index.php?rest_route=\/wp\/v2\/pages\/192\/revisions"}],"predecessor-version":[{"id":416,"href":"https:\/\/tomarmed.pl\/index.php?rest_route=\/wp\/v2\/pages\/192\/revisions\/416"}],"wp:attachment":[{"href":"https:\/\/tomarmed.pl\/index.php?rest_route=%2Fwp%2Fv2%2Fmedia&parent=192"}],"curies":[{"name":"wp","href":"https:\/\/api.w.org\/{rel}","templated":true}]}}