{"id":127,"date":"2024-07-10T11:47:41","date_gmt":"2024-07-10T11:47:41","guid":{"rendered":"https:\/\/tomarmed.skydoo.click\/?page_id=127"},"modified":"2024-09-03T08:47:34","modified_gmt":"2024-09-03T08:47:34","slug":"cennik","status":"publish","type":"page","link":"https:\/\/tomarmed.pl\/?page_id=127","title":{"rendered":"Cennik"},"content":{"rendered":"\t\t<div data-elementor-type=\"wp-page\" data-elementor-id=\"127\" class=\"elementor elementor-127\" data-elementor-post-type=\"page\">\n\t\t\t\t<div class=\"elementor-element elementor-element-3ec36a2 e-flex e-con-boxed e-con e-parent\" data-id=\"3ec36a2\" data-element_type=\"container\" data-e-type=\"container\" data-settings=\"{&quot;background_background&quot;:&quot;classic&quot;}\">\n\t\t\t\t\t<div class=\"e-con-inner\">\n\t\t<div class=\"elementor-element elementor-element-052c280 e-con-full e-flex e-con e-child\" data-id=\"052c280\" data-element_type=\"container\" data-e-type=\"container\">\n\t\t\t\t<div class=\"elementor-element elementor-element-441717b elementor-absolute elementor-mobile-align-left elementor-widget elementor-widget-breadcrumbs\" data-id=\"441717b\" data-element_type=\"widget\" data-e-type=\"widget\" data-settings=\"{&quot;_position&quot;:&quot;absolute&quot;}\" data-widget_type=\"breadcrumbs.default\">\n\t\t\t\t<div class=\"elementor-widget-container\">\n\t\t\t\t\t<p id=\"breadcrumbs\"><span><span><a href=\"https:\/\/tomarmed.pl\/\">Strona g\u0142\u00f3wna<\/a><\/span><\/span><\/p>\t\t\t\t<\/div>\n\t\t\t\t<\/div>\n\t\t\t\t<div class=\"elementor-element elementor-element-2e7aadb elementor-widget elementor-widget-heading\" data-id=\"2e7aadb\" data-element_type=\"widget\" data-e-type=\"widget\" data-widget_type=\"heading.default\">\n\t\t\t\t<div class=\"elementor-widget-container\">\n\t\t\t\t\t<h1 class=\"elementor-heading-title elementor-size-default\">Cennik<\/h1>\t\t\t\t<\/div>\n\t\t\t\t<\/div>\n\t\t\t\t<\/div>\n\t\t\t\t\t<\/div>\n\t\t\t\t<\/div>\n\t\t<div class=\"elementor-element elementor-element-41c65b5 e-flex e-con-boxed e-con e-parent\" data-id=\"41c65b5\" data-element_type=\"container\" data-e-type=\"container\">\n\t\t\t\t\t<div class=\"e-con-inner\">\n\t\t<div class=\"elementor-element elementor-element-4843549 e-con-full e-flex e-con e-child\" data-id=\"4843549\" data-element_type=\"container\" data-e-type=\"container\">\n\t\t<div class=\"elementor-element elementor-element-669f7f6 e-con-full e-flex e-con e-child\" data-id=\"669f7f6\" data-element_type=\"container\" data-e-type=\"container\">\n\t\t\t\t<div class=\"elementor-element elementor-element-3b2cbdc elementor-widget elementor-widget-heading\" data-id=\"3b2cbdc\" data-element_type=\"widget\" data-e-type=\"widget\" data-widget_type=\"heading.default\">\n\t\t\t\t<div class=\"elementor-widget-container\">\n\t\t\t\t\t<p class=\"elementor-heading-title elementor-size-default\">REHABILITACJA<\/p>\t\t\t\t<\/div>\n\t\t\t\t<\/div>\n\t\t\t\t<\/div>\n\t\t<div class=\"elementor-element elementor-element-89ebdbe e-con-full e-flex e-con e-child\" data-id=\"89ebdbe\" data-element_type=\"container\" data-e-type=\"container\">\n\t\t\t\t<div class=\"elementor-element elementor-element-eea6dd5 elementor-widget elementor-widget-heading\" data-id=\"eea6dd5\" data-element_type=\"widget\" data-e-type=\"widget\" data-widget_type=\"heading.default\">\n\t\t\t\t<div class=\"elementor-widget-container\">\n\t\t\t\t\t<p class=\"elementor-heading-title elementor-size-default\">1h<\/p>\t\t\t\t<\/div>\n\t\t\t\t<\/div>\n\t\t\t\t<div class=\"elementor-element elementor-element-ec7360f elementor-widget elementor-widget-heading\" data-id=\"ec7360f\" data-element_type=\"widget\" data-e-type=\"widget\" data-widget_type=\"heading.default\">\n\t\t\t\t<div class=\"elementor-widget-container\">\n\t\t\t\t\t<p class=\"elementor-heading-title elementor-size-default\">120 z\u0142<\/p>\t\t\t\t<\/div>\n\t\t\t\t<\/div>\n\t\t\t\t<\/div>\n\t\t\t\t<\/div>\n\t\t\t\t\t<\/div>\n\t\t\t\t<\/div>\n\t\t<div class=\"elementor-element elementor-element-0b674a5 e-flex e-con-boxed e-con e-parent\" data-id=\"0b674a5\" data-element_type=\"container\" data-e-type=\"container\">\n\t\t\t\t\t<div class=\"e-con-inner\">\n\t\t\t\t<div class=\"elementor-element elementor-element-3e11bff elementor-widget-divider--view-line elementor-widget elementor-widget-divider\" data-id=\"3e11bff\" data-element_type=\"widget\" data-e-type=\"widget\" data-widget_type=\"divider.default\">\n\t\t\t\t<div class=\"elementor-widget-container\">\n\t\t\t\t\t\t\t<div class=\"elementor-divider\">\n\t\t\t<span class=\"elementor-divider-separator\">\n\t\t\t\t\t\t<\/span>\n\t\t<\/div>\n\t\t\t\t\t\t<\/div>\n\t\t\t\t<\/div>\n\t\t\t\t\t<\/div>\n\t\t\t\t<\/div>\n\t\t<div class=\"elementor-element elementor-element-3ce75f5 e-flex e-con-boxed e-con e-parent\" data-id=\"3ce75f5\" data-element_type=\"container\" data-e-type=\"container\">\n\t\t\t\t\t<div class=\"e-con-inner\">\n\t\t<div class=\"elementor-element elementor-element-e460c4d e-con-full e-flex e-con e-child\" data-id=\"e460c4d\" data-element_type=\"container\" data-e-type=\"container\">\n\t\t<div class=\"elementor-element elementor-element-f6c0625 e-con-full e-flex e-con e-child\" data-id=\"f6c0625\" data-element_type=\"container\" data-e-type=\"container\">\n\t\t\t\t<div class=\"elementor-element elementor-element-3d9e425 elementor-widget elementor-widget-heading\" data-id=\"3d9e425\" data-element_type=\"widget\" data-e-type=\"widget\" data-widget_type=\"heading.default\">\n\t\t\t\t<div class=\"elementor-widget-container\">\n\t\t\t\t\t<p class=\"elementor-heading-title elementor-size-default\">Masa\u017c<\/p>\t\t\t\t<\/div>\n\t\t\t\t<\/div>\n\t\t\t\t<\/div>\n\t\t<div class=\"elementor-element elementor-element-61385d5 e-con-full e-flex e-con e-child\" data-id=\"61385d5\" data-element_type=\"container\" data-e-type=\"container\">\n\t\t<div class=\"elementor-element elementor-element-3dffef8 e-con-full e-flex e-con e-child\" data-id=\"3dffef8\" data-element_type=\"container\" data-e-type=\"container\">\n\t\t\t\t<div class=\"elementor-element elementor-element-b0c21fd elementor-widget elementor-widget-heading\" data-id=\"b0c21fd\" data-element_type=\"widget\" data-e-type=\"widget\" data-widget_type=\"heading.default\">\n\t\t\t\t<div class=\"elementor-widget-container\">\n\t\t\t\t\t<p class=\"elementor-heading-title elementor-size-default\">30 min<\/p>\t\t\t\t<\/div>\n\t\t\t\t<\/div>\n\t\t\t\t<div class=\"elementor-element elementor-element-9174888 elementor-widget elementor-widget-heading\" data-id=\"9174888\" data-element_type=\"widget\" data-e-type=\"widget\" data-widget_type=\"heading.default\">\n\t\t\t\t<div class=\"elementor-widget-container\">\n\t\t\t\t\t<p class=\"elementor-heading-title elementor-size-default\">70 z\u0142<\/p>\t\t\t\t<\/div>\n\t\t\t\t<\/div>\n\t\t\t\t<\/div>\n\t\t<div class=\"elementor-element elementor-element-4780d96 e-con-full e-flex e-con e-child\" data-id=\"4780d96\" data-element_type=\"container\" data-e-type=\"container\">\n\t\t\t\t<div class=\"elementor-element elementor-element-25a7e7b elementor-widget elementor-widget-heading\" data-id=\"25a7e7b\" data-element_type=\"widget\" data-e-type=\"widget\" data-widget_type=\"heading.default\">\n\t\t\t\t<div class=\"elementor-widget-container\">\n\t\t\t\t\t<p class=\"elementor-heading-title elementor-size-default\">60 min<\/p>\t\t\t\t<\/div>\n\t\t\t\t<\/div>\n\t\t\t\t<div class=\"elementor-element elementor-element-6fbc981 elementor-widget elementor-widget-heading\" data-id=\"6fbc981\" data-element_type=\"widget\" data-e-type=\"widget\" data-widget_type=\"heading.default\">\n\t\t\t\t<div class=\"elementor-widget-container\">\n\t\t\t\t\t<p class=\"elementor-heading-title elementor-size-default\">140 z\u0142<\/p>\t\t\t\t<\/div>\n\t\t\t\t<\/div>\n\t\t\t\t<\/div>\n\t\t\t\t<\/div>\n\t\t\t\t<\/div>\n\t\t\t\t\t<\/div>\n\t\t\t\t<\/div>\n\t\t<div class=\"elementor-element elementor-element-06b2008 e-flex e-con-boxed e-con e-parent\" data-id=\"06b2008\" data-element_type=\"container\" data-e-type=\"container\">\n\t\t\t\t\t<div class=\"e-con-inner\">\n\t\t\t\t<div class=\"elementor-element elementor-element-0712b06 elementor-widget-divider--view-line elementor-widget elementor-widget-divider\" data-id=\"0712b06\" data-element_type=\"widget\" data-e-type=\"widget\" data-widget_type=\"divider.default\">\n\t\t\t\t<div class=\"elementor-widget-container\">\n\t\t\t\t\t\t\t<div class=\"elementor-divider\">\n\t\t\t<span class=\"elementor-divider-separator\">\n\t\t\t\t\t\t<\/span>\n\t\t<\/div>\n\t\t\t\t\t\t<\/div>\n\t\t\t\t<\/div>\n\t\t\t\t\t<\/div>\n\t\t\t\t<\/div>\n\t\t<div class=\"elementor-element elementor-element-f1f0c5e e-flex e-con-boxed e-con e-parent\" data-id=\"f1f0c5e\" data-element_type=\"container\" data-e-type=\"container\">\n\t\t\t\t\t<div class=\"e-con-inner\">\n\t\t<div class=\"elementor-element elementor-element-69b2450 e-con-full e-flex e-con e-child\" data-id=\"69b2450\" data-element_type=\"container\" data-e-type=\"container\">\n\t\t<div class=\"elementor-element elementor-element-3eed0f4 e-con-full e-flex e-con e-child\" data-id=\"3eed0f4\" data-element_type=\"container\" data-e-type=\"container\">\n\t\t\t\t<div class=\"elementor-element elementor-element-2923d8f elementor-widget elementor-widget-heading\" data-id=\"2923d8f\" data-element_type=\"widget\" data-e-type=\"widget\" data-widget_type=\"heading.default\">\n\t\t\t\t<div class=\"elementor-widget-container\">\n\t\t\t\t\t<p class=\"elementor-heading-title elementor-size-default\">Fizykoterapia<\/p>\t\t\t\t<\/div>\n\t\t\t\t<\/div>\n\t\t\t\t<\/div>\n\t\t<div class=\"elementor-element elementor-element-64b90ae e-con-full e-flex e-con e-child\" data-id=\"64b90ae\" data-element_type=\"container\" data-e-type=\"container\">\n\t\t<div class=\"elementor-element elementor-element-9db9c9a e-con-full e-flex e-con e-child\" data-id=\"9db9c9a\" data-element_type=\"container\" data-e-type=\"container\">\n\t\t\t\t<div class=\"elementor-element elementor-element-4af7d56 elementor-widget elementor-widget-heading\" data-id=\"4af7d56\" data-element_type=\"widget\" data-e-type=\"widget\" data-widget_type=\"heading.default\">\n\t\t\t\t<div class=\"elementor-widget-container\">\n\t\t\t\t\t<p class=\"elementor-heading-title elementor-size-default\">Laser<\/p>\t\t\t\t<\/div>\n\t\t\t\t<\/div>\n\t\t\t\t<div class=\"elementor-element elementor-element-89c286b elementor-widget elementor-widget-heading\" data-id=\"89c286b\" data-element_type=\"widget\" data-e-type=\"widget\" data-widget_type=\"heading.default\">\n\t\t\t\t<div class=\"elementor-widget-container\">\n\t\t\t\t\t<p class=\"elementor-heading-title elementor-size-default\">20 z\u0142<\/p>\t\t\t\t<\/div>\n\t\t\t\t<\/div>\n\t\t\t\t<\/div>\n\t\t<div class=\"elementor-element elementor-element-7e9fe17 e-con-full e-flex e-con e-child\" data-id=\"7e9fe17\" data-element_type=\"container\" data-e-type=\"container\">\n\t\t\t\t<div class=\"elementor-element elementor-element-5cd45f5 elementor-widget elementor-widget-heading\" data-id=\"5cd45f5\" data-element_type=\"widget\" data-e-type=\"widget\" data-widget_type=\"heading.default\">\n\t\t\t\t<div class=\"elementor-widget-container\">\n\t\t\t\t\t<p class=\"elementor-heading-title elementor-size-default\">Pole magnetyczne<\/p>\t\t\t\t<\/div>\n\t\t\t\t<\/div>\n\t\t\t\t<div class=\"elementor-element elementor-element-9041736 elementor-widget elementor-widget-heading\" data-id=\"9041736\" data-element_type=\"widget\" data-e-type=\"widget\" data-widget_type=\"heading.default\">\n\t\t\t\t<div class=\"elementor-widget-container\">\n\t\t\t\t\t<p class=\"elementor-heading-title elementor-size-default\">20 z\u0142<\/p>\t\t\t\t<\/div>\n\t\t\t\t<\/div>\n\t\t\t\t<\/div>\n\t\t<div class=\"elementor-element elementor-element-ede1f2f e-con-full e-flex e-con e-child\" data-id=\"ede1f2f\" data-element_type=\"container\" data-e-type=\"container\">\n\t\t\t\t<div class=\"elementor-element elementor-element-c2e1ce5 elementor-widget elementor-widget-heading\" data-id=\"c2e1ce5\" data-element_type=\"widget\" data-e-type=\"widget\" data-widget_type=\"heading.default\">\n\t\t\t\t<div class=\"elementor-widget-container\">\n\t\t\t\t\t<p class=\"elementor-heading-title elementor-size-default\">Elektroterapia\u200b<\/p>\t\t\t\t<\/div>\n\t\t\t\t<\/div>\n\t\t\t\t<div class=\"elementor-element elementor-element-0ceaac4 elementor-widget elementor-widget-heading\" data-id=\"0ceaac4\" data-element_type=\"widget\" data-e-type=\"widget\" data-widget_type=\"heading.default\">\n\t\t\t\t<div class=\"elementor-widget-container\">\n\t\t\t\t\t<p class=\"elementor-heading-title elementor-size-default\">20 z\u0142<\/p>\t\t\t\t<\/div>\n\t\t\t\t<\/div>\n\t\t\t\t<\/div>\n\t\t<div class=\"elementor-element elementor-element-820b5e8 e-con-full e-flex e-con e-child\" data-id=\"820b5e8\" data-element_type=\"container\" data-e-type=\"container\">\n\t\t\t\t<div class=\"elementor-element elementor-element-93530f6 elementor-widget elementor-widget-heading\" data-id=\"93530f6\" data-element_type=\"widget\" data-e-type=\"widget\" data-widget_type=\"heading.default\">\n\t\t\t\t<div class=\"elementor-widget-container\">\n\t\t\t\t\t<p class=\"elementor-heading-title elementor-size-default\">Pr\u0105dy Diadynamiczne, Interferencyjne, TENS, Elektrostymulacyjne, Kotza<\/p>\t\t\t\t<\/div>\n\t\t\t\t<\/div>\n\t\t\t\t<div class=\"elementor-element elementor-element-f9346e3 elementor-widget elementor-widget-heading\" data-id=\"f9346e3\" data-element_type=\"widget\" data-e-type=\"widget\" data-widget_type=\"heading.default\">\n\t\t\t\t<div class=\"elementor-widget-container\">\n\t\t\t\t\t<p class=\"elementor-heading-title elementor-size-default\">20 z\u0142<\/p>\t\t\t\t<\/div>\n\t\t\t\t<\/div>\n\t\t\t\t<\/div>\n\t\t<div class=\"elementor-element elementor-element-a8f2d40 e-con-full e-flex e-con e-child\" data-id=\"a8f2d40\" data-element_type=\"container\" data-e-type=\"container\">\n\t\t\t\t<div class=\"elementor-element elementor-element-4828cb8 elementor-widget elementor-widget-heading\" data-id=\"4828cb8\" data-element_type=\"widget\" data-e-type=\"widget\" data-widget_type=\"heading.default\">\n\t\t\t\t<div class=\"elementor-widget-container\">\n\t\t\t\t\t<p class=\"elementor-heading-title elementor-size-default\">Fala Uderzeniowa<\/p>\t\t\t\t<\/div>\n\t\t\t\t<\/div>\n\t\t\t\t<div class=\"elementor-element elementor-element-3d9043b elementor-widget elementor-widget-heading\" data-id=\"3d9043b\" data-element_type=\"widget\" data-e-type=\"widget\" data-widget_type=\"heading.default\">\n\t\t\t\t<div class=\"elementor-widget-container\">\n\t\t\t\t\t<p class=\"elementor-heading-title elementor-size-default\">70 z\u0142<\/p>\t\t\t\t<\/div>\n\t\t\t\t<\/div>\n\t\t\t\t<\/div>\n\t\t<div class=\"elementor-element elementor-element-b1bad8b e-con-full e-flex e-con e-child\" data-id=\"b1bad8b\" data-element_type=\"container\" data-e-type=\"container\">\n\t\t\t\t<div class=\"elementor-element elementor-element-a8a313a elementor-widget elementor-widget-heading\" data-id=\"a8a313a\" data-element_type=\"widget\" data-e-type=\"widget\" data-widget_type=\"heading.default\">\n\t\t\t\t<div class=\"elementor-widget-container\">\n\t\t\t\t\t<p class=\"elementor-heading-title elementor-size-default\">Ultrad\u017awi\u0119ki<\/p>\t\t\t\t<\/div>\n\t\t\t\t<\/div>\n\t\t\t\t<div class=\"elementor-element elementor-element-dbf0e78 elementor-widget elementor-widget-heading\" data-id=\"dbf0e78\" data-element_type=\"widget\" data-e-type=\"widget\" data-widget_type=\"heading.default\">\n\t\t\t\t<div class=\"elementor-widget-container\">\n\t\t\t\t\t<p class=\"elementor-heading-title elementor-size-default\">20 z\u0142<\/p>\t\t\t\t<\/div>\n\t\t\t\t<\/div>\n\t\t\t\t<\/div>\n\t\t<div class=\"elementor-element elementor-element-0a8492f e-con-full e-flex e-con e-child\" data-id=\"0a8492f\" data-element_type=\"container\" data-e-type=\"container\">\n\t\t\t\t<div class=\"elementor-element elementor-element-d01967c elementor-widget elementor-widget-heading\" data-id=\"d01967c\" data-element_type=\"widget\" data-e-type=\"widget\" data-widget_type=\"heading.default\">\n\t\t\t\t<div class=\"elementor-widget-container\">\n\t\t\t\t\t<p class=\"elementor-heading-title elementor-size-default\">Solux<\/p>\t\t\t\t<\/div>\n\t\t\t\t<\/div>\n\t\t\t\t<div class=\"elementor-element elementor-element-5edf6b0 elementor-widget elementor-widget-heading\" data-id=\"5edf6b0\" data-element_type=\"widget\" data-e-type=\"widget\" data-widget_type=\"heading.default\">\n\t\t\t\t<div class=\"elementor-widget-container\">\n\t\t\t\t\t<p class=\"elementor-heading-title elementor-size-default\">20 z\u0142<\/p>\t\t\t\t<\/div>\n\t\t\t\t<\/div>\n\t\t\t\t<\/div>\n\t\t\t\t<\/div>\n\t\t\t\t<\/div>\n\t\t\t\t\t<\/div>\n\t\t\t\t<\/div>\n\t\t<div class=\"elementor-element elementor-element-a95b76e e-flex e-con-boxed e-con e-parent\" data-id=\"a95b76e\" data-element_type=\"container\" data-e-type=\"container\">\n\t\t\t\t\t<div class=\"e-con-inner\">\n\t\t\t\t<div class=\"elementor-element elementor-element-b3eff30 elementor-widget-divider--view-line elementor-widget elementor-widget-divider\" data-id=\"b3eff30\" data-element_type=\"widget\" data-e-type=\"widget\" data-widget_type=\"divider.default\">\n\t\t\t\t<div class=\"elementor-widget-container\">\n\t\t\t\t\t\t\t<div class=\"elementor-divider\">\n\t\t\t<span class=\"elementor-divider-separator\">\n\t\t\t\t\t\t<\/span>\n\t\t<\/div>\n\t\t\t\t\t\t<\/div>\n\t\t\t\t<\/div>\n\t\t\t\t\t<\/div>\n\t\t\t\t<\/div>\n\t\t<div class=\"elementor-element elementor-element-a0dcd7b e-flex e-con-boxed e-con e-parent\" data-id=\"a0dcd7b\" data-element_type=\"container\" data-e-type=\"container\">\n\t\t\t\t\t<div class=\"e-con-inner\">\n\t\t<div class=\"elementor-element elementor-element-209f6df e-con-full e-flex e-con e-child\" data-id=\"209f6df\" data-element_type=\"container\" data-e-type=\"container\">\n\t\t<div class=\"elementor-element elementor-element-98a26e3 e-con-full e-flex e-con e-child\" data-id=\"98a26e3\" data-element_type=\"container\" data-e-type=\"container\">\n\t\t\t\t<div class=\"elementor-element elementor-element-b2ebd81 elementor-widget elementor-widget-heading\" data-id=\"b2ebd81\" data-element_type=\"widget\" data-e-type=\"widget\" data-widget_type=\"heading.default\">\n\t\t\t\t<div class=\"elementor-widget-container\">\n\t\t\t\t\t<p class=\"elementor-heading-title elementor-size-default\">WIZYTA DOMOWA<\/p>\t\t\t\t<\/div>\n\t\t\t\t<\/div>\n\t\t\t\t<\/div>\n\t\t<div class=\"elementor-element elementor-element-6074809 e-con-full e-flex e-con e-child\" data-id=\"6074809\" data-element_type=\"container\" data-e-type=\"container\">\n\t\t<div class=\"elementor-element elementor-element-d7a9700 e-con-full e-flex e-con e-child\" data-id=\"d7a9700\" data-element_type=\"container\" data-e-type=\"container\">\n\t\t\t\t<div class=\"elementor-element elementor-element-82e8366 elementor-widget elementor-widget-heading\" data-id=\"82e8366\" data-element_type=\"widget\" data-e-type=\"widget\" data-widget_type=\"heading.default\">\n\t\t\t\t<div class=\"elementor-widget-container\">\n\t\t\t\t\t<p class=\"elementor-heading-title elementor-size-default\">Cena ustalana indywidualnie<\/p>\t\t\t\t<\/div>\n\t\t\t\t<\/div>\n\t\t\t\t<\/div>\n\t\t\t\t<\/div>\n\t\t\t\t<\/div>\n\t\t\t\t\t<\/div>\n\t\t\t\t<\/div>\n\t\t\t\t<\/div>\n\t\t","protected":false},"excerpt":{"rendered":"<p>Cennik REHABILITACJA 1h 120 z\u0142 Masa\u017c 30 min 70 z\u0142 60 min 140 z\u0142 Fizykoterapia Laser 20 z\u0142 Pole magnetyczne 20 z\u0142 Elektroterapia\u200b 20 z\u0142 Pr\u0105dy Diadynamiczne, Interferencyjne, TENS, Elektrostymulacyjne, Kotza 20 z\u0142 Fala Uderzeniowa 70 z\u0142 Ultrad\u017awi\u0119ki 20 z\u0142 Solux 20 z\u0142 WIZYTA DOMOWA Cena ustalana indywidualnie<\/p>\n","protected":false},"author":1,"featured_media":0,"parent":0,"menu_order":0,"comment_status":"closed","ping_status":"closed","template":"elementor_header_footer","meta":{"inline_featured_image":false,"footnotes":""},"class_list":["post-127","page","type-page","status-publish","hentry"],"yoast_head":"<!-- This site is optimized with the Yoast SEO plugin v27.3 - https:\/\/yoast.com\/product\/yoast-seo-wordpress\/ -->\n<title>Cennik - Tomar Med<\/title>\n<meta name=\"robots\" content=\"index, follow, max-snippet:-1, max-image-preview:large, max-video-preview:-1\" \/>\n<link rel=\"canonical\" href=\"https:\/\/tomarmed.pl\/?page_id=127\" \/>\n<meta property=\"og:locale\" content=\"pl_PL\" \/>\n<meta property=\"og:type\" content=\"article\" \/>\n<meta property=\"og:title\" content=\"Cennik - Tomar Med\" \/>\n<meta property=\"og:description\" content=\"Cennik REHABILITACJA 1h 120 z\u0142 Masa\u017c 30 min 70 z\u0142 60 min 140 z\u0142 Fizykoterapia Laser 20 z\u0142 Pole magnetyczne 20 z\u0142 Elektroterapia\u200b 20 z\u0142 Pr\u0105dy Diadynamiczne, Interferencyjne, TENS, Elektrostymulacyjne, Kotza 20 z\u0142 Fala Uderzeniowa 70 z\u0142 Ultrad\u017awi\u0119ki 20 z\u0142 Solux 20 z\u0142 WIZYTA DOMOWA Cena ustalana indywidualnie\" \/>\n<meta property=\"og:url\" content=\"https:\/\/tomarmed.pl\/?page_id=127\" \/>\n<meta property=\"og:site_name\" content=\"Tomar Med\" \/>\n<meta property=\"article:modified_time\" content=\"2024-09-03T08:47:34+00:00\" \/>\n<meta name=\"twitter:card\" content=\"summary_large_image\" \/>\n<meta name=\"twitter:label1\" content=\"Szacowany czas czytania\" \/>\n\t<meta name=\"twitter:data1\" content=\"1 minuta\" \/>\n<script type=\"application\/ld+json\" class=\"yoast-schema-graph\">{\"@context\":\"https:\\\/\\\/schema.org\",\"@graph\":[{\"@type\":\"WebPage\",\"@id\":\"https:\\\/\\\/tomarmed.pl\\\/?page_id=127\",\"url\":\"https:\\\/\\\/tomarmed.pl\\\/?page_id=127\",\"name\":\"Cennik - Tomar Med\",\"isPartOf\":{\"@id\":\"https:\\\/\\\/tomarmed.pl\\\/#website\"},\"datePublished\":\"2024-07-10T11:47:41+00:00\",\"dateModified\":\"2024-09-03T08:47:34+00:00\",\"breadcrumb\":{\"@id\":\"https:\\\/\\\/tomarmed.pl\\\/?page_id=127#breadcrumb\"},\"inLanguage\":\"pl-PL\",\"potentialAction\":[{\"@type\":\"ReadAction\",\"target\":[\"https:\\\/\\\/tomarmed.pl\\\/?page_id=127\"]}]},{\"@type\":\"BreadcrumbList\",\"@id\":\"https:\\\/\\\/tomarmed.pl\\\/?page_id=127#breadcrumb\",\"itemListElement\":[{\"@type\":\"ListItem\",\"position\":1,\"name\":\"Strona g\u0142\u00f3wna\",\"item\":\"https:\\\/\\\/tomarmed.pl\\\/\"},{\"@type\":\"ListItem\",\"position\":2,\"name\":\"Cennik\"}]},{\"@type\":\"WebSite\",\"@id\":\"https:\\\/\\\/tomarmed.pl\\\/#website\",\"url\":\"https:\\\/\\\/tomarmed.pl\\\/\",\"name\":\"Tomar Med\",\"description\":\"Gabinet rehabilitacji i masa\u017cu m Micha\u0142owie Reginowie\",\"publisher\":{\"@id\":\"https:\\\/\\\/tomarmed.pl\\\/#organization\"},\"potentialAction\":[{\"@type\":\"SearchAction\",\"target\":{\"@type\":\"EntryPoint\",\"urlTemplate\":\"https:\\\/\\\/tomarmed.pl\\\/?s={search_term_string}\"},\"query-input\":{\"@type\":\"PropertyValueSpecification\",\"valueRequired\":true,\"valueName\":\"search_term_string\"}}],\"inLanguage\":\"pl-PL\"},{\"@type\":\"Organization\",\"@id\":\"https:\\\/\\\/tomarmed.pl\\\/#organization\",\"name\":\"Tomar Med\",\"url\":\"https:\\\/\\\/tomarmed.pl\\\/\",\"logo\":{\"@type\":\"ImageObject\",\"inLanguage\":\"pl-PL\",\"@id\":\"https:\\\/\\\/tomarmed.pl\\\/#\\\/schema\\\/logo\\\/image\\\/\",\"url\":\"https:\\\/\\\/tomarmed.pl\\\/wp-content\\\/uploads\\\/2024\\\/07\\\/TOMARMED.svg\",\"contentUrl\":\"https:\\\/\\\/tomarmed.pl\\\/wp-content\\\/uploads\\\/2024\\\/07\\\/TOMARMED.svg\",\"width\":72,\"height\":60,\"caption\":\"Tomar Med\"},\"image\":{\"@id\":\"https:\\\/\\\/tomarmed.pl\\\/#\\\/schema\\\/logo\\\/image\\\/\"}}]}<\/script>\n<!-- \/ Yoast SEO plugin. -->","yoast_head_json":{"title":"Cennik - Tomar Med","robots":{"index":"index","follow":"follow","max-snippet":"max-snippet:-1","max-image-preview":"max-image-preview:large","max-video-preview":"max-video-preview:-1"},"canonical":"https:\/\/tomarmed.pl\/?page_id=127","og_locale":"pl_PL","og_type":"article","og_title":"Cennik - Tomar Med","og_description":"Cennik REHABILITACJA 1h 120 z\u0142 Masa\u017c 30 min 70 z\u0142 60 min 140 z\u0142 Fizykoterapia Laser 20 z\u0142 Pole magnetyczne 20 z\u0142 Elektroterapia\u200b 20 z\u0142 Pr\u0105dy Diadynamiczne, Interferencyjne, TENS, Elektrostymulacyjne, Kotza 20 z\u0142 Fala Uderzeniowa 70 z\u0142 Ultrad\u017awi\u0119ki 20 z\u0142 Solux 20 z\u0142 WIZYTA DOMOWA Cena ustalana indywidualnie","og_url":"https:\/\/tomarmed.pl\/?page_id=127","og_site_name":"Tomar Med","article_modified_time":"2024-09-03T08:47:34+00:00","twitter_card":"summary_large_image","twitter_misc":{"Szacowany czas czytania":"1 minuta"},"schema":{"@context":"https:\/\/schema.org","@graph":[{"@type":"WebPage","@id":"https:\/\/tomarmed.pl\/?page_id=127","url":"https:\/\/tomarmed.pl\/?page_id=127","name":"Cennik - Tomar Med","isPartOf":{"@id":"https:\/\/tomarmed.pl\/#website"},"datePublished":"2024-07-10T11:47:41+00:00","dateModified":"2024-09-03T08:47:34+00:00","breadcrumb":{"@id":"https:\/\/tomarmed.pl\/?page_id=127#breadcrumb"},"inLanguage":"pl-PL","potentialAction":[{"@type":"ReadAction","target":["https:\/\/tomarmed.pl\/?page_id=127"]}]},{"@type":"BreadcrumbList","@id":"https:\/\/tomarmed.pl\/?page_id=127#breadcrumb","itemListElement":[{"@type":"ListItem","position":1,"name":"Strona g\u0142\u00f3wna","item":"https:\/\/tomarmed.pl\/"},{"@type":"ListItem","position":2,"name":"Cennik"}]},{"@type":"WebSite","@id":"https:\/\/tomarmed.pl\/#website","url":"https:\/\/tomarmed.pl\/","name":"Tomar Med","description":"Gabinet rehabilitacji i masa\u017cu m Micha\u0142owie Reginowie","publisher":{"@id":"https:\/\/tomarmed.pl\/#organization"},"potentialAction":[{"@type":"SearchAction","target":{"@type":"EntryPoint","urlTemplate":"https:\/\/tomarmed.pl\/?s={search_term_string}"},"query-input":{"@type":"PropertyValueSpecification","valueRequired":true,"valueName":"search_term_string"}}],"inLanguage":"pl-PL"},{"@type":"Organization","@id":"https:\/\/tomarmed.pl\/#organization","name":"Tomar Med","url":"https:\/\/tomarmed.pl\/","logo":{"@type":"ImageObject","inLanguage":"pl-PL","@id":"https:\/\/tomarmed.pl\/#\/schema\/logo\/image\/","url":"https:\/\/tomarmed.pl\/wp-content\/uploads\/2024\/07\/TOMARMED.svg","contentUrl":"https:\/\/tomarmed.pl\/wp-content\/uploads\/2024\/07\/TOMARMED.svg","width":72,"height":60,"caption":"Tomar Med"},"image":{"@id":"https:\/\/tomarmed.pl\/#\/schema\/logo\/image\/"}}]}},"_links":{"self":[{"href":"https:\/\/tomarmed.pl\/index.php?rest_route=\/wp\/v2\/pages\/127","targetHints":{"allow":["GET"]}}],"collection":[{"href":"https:\/\/tomarmed.pl\/index.php?rest_route=\/wp\/v2\/pages"}],"about":[{"href":"https:\/\/tomarmed.pl\/index.php?rest_route=\/wp\/v2\/types\/page"}],"author":[{"embeddable":true,"href":"https:\/\/tomarmed.pl\/index.php?rest_route=\/wp\/v2\/users\/1"}],"replies":[{"embeddable":true,"href":"https:\/\/tomarmed.pl\/index.php?rest_route=%2Fwp%2Fv2%2Fcomments&post=127"}],"version-history":[{"count":49,"href":"https:\/\/tomarmed.pl\/index.php?rest_route=\/wp\/v2\/pages\/127\/revisions"}],"predecessor-version":[{"id":501,"href":"https:\/\/tomarmed.pl\/index.php?rest_route=\/wp\/v2\/pages\/127\/revisions\/501"}],"wp:attachment":[{"href":"https:\/\/tomarmed.pl\/index.php?rest_route=%2Fwp%2Fv2%2Fmedia&parent=127"}],"curies":[{"name":"wp","href":"https:\/\/api.w.org\/{rel}","templated":true}]}}